{"id":1164,"date":"2018-05-25T10:59:04","date_gmt":"2018-05-25T08:59:04","guid":{"rendered":"https:\/\/www.arizonabikehotel.com\/servizi-bike\/"},"modified":"2018-09-24T15:40:10","modified_gmt":"2018-09-24T13:40:10","slug":"bike-services","status":"publish","type":"page","link":"https:\/\/www.arizonabikehotel.com\/de\/bike-services\/","title":{"rendered":"IHR BIKE HOTEL IN RICCIONE"},"content":{"rendered":"<h2>Bike Services: n\u00fctzlich f\u00fcr ein sicheres Radfahren, auch weit von der Garage entfernt<\/h2>\n<p>Das Hotel Arizona, Ihr Bike-Hotel in Riccione, <strong>ist organisiert, um Ihr Fahrrad und ihre Leidenschaft f\u00fcr das Radfahren zu begr\u00fc\u00dfen<\/strong>. Gravel, Rennen oder MTB? Nur gezielte <strong>Dienstleistungen und qualifiziertes Personal<\/strong> f\u00fcr Ihren Aktivurlaub in Riccione. Von der Verpflegung bis zum Zimmerservice, von der Fahrradwerkstatt bis zu den f\u00fcr jede Fahrradart organisierten Bike-Touren.<\/p>\n<h3>Men\u00fcs<\/h3>\n<ul>\n<li>das <strong>Fr\u00fchst\u00fcck ist flexibel<\/strong> nach Ihrem Zeitplan gestaltbar und <strong>bietet eine ausgewogene Kalorienzufuhr<\/strong><\/li>\n<li>Zum Mittag-und Abendessen ist die <strong>Speisekarte energetisch und stammt unwiderstehlich aus Romagna<\/strong><\/li>\n<li>Ein abwechslungsreiches <strong>s\u00fc\u00dfes und salziges Buffet<\/strong> empf\u00e4ngt Sie zur R\u00fcckkehr von der Exkursion<\/li>\n<\/ul>\n<h3>Spezifische Dienste<\/h3>\n<ul>\n<li>Die <strong>Bike-Managers<\/strong> des Arizona Hotels sind Ihre Kontaktpersonen f\u00fcr jede Anfrage<\/li>\n<li>Ihr Fahrrad wird im gro\u00dfen<strong> video\u00fcberwachten Fahrraddepot aufbewahrt<\/strong><\/li>\n<li>\u00a0Sie haben ihren eigenen Platz, um Ihr <strong>Fahrrad zu waschen<\/strong><\/li>\n<li>F\u00fcr Sie ist der <strong>W\u00e4schereidienst<\/strong> f\u00fcr technischen Kleidungsst\u00fccke kostenlos<\/li>\n<li>Im <strong>Fahrradwerkstatt<\/strong> haben Sie alle Werkzeuge f\u00fcr die kleine Reparaturen<\/li>\n<li>Sie haben einen <strong>pers\u00f6nlichen Radf\u00fchrer und wir k\u00f6nnen Biketours<\/strong> f\u00fcr Sie abstimmen und organisieren.<\/li>\n<li>Mit dem <strong>Erholungs- und Rettungsdienst<\/strong> sind alle Probleme weg<\/li>\n<\/ul>\n<h3>After-Workout Relax<\/h3>\n<ul>\n<li>Sie k\u00f6nnen sich direkt im Hotel eine entspannende <strong>Sportmassage g\u00f6nnen<\/strong> (Reservierung erforderlich)<\/li>\n<li>Sie sind in der N\u00e4he von <strong>Riccione Terme: Entspannung, Spa und Wellness<\/strong><\/li>\n<li>Im Fr\u00fchjahr entspannen <strong>Sie sich im beheizten Pool mit Whirlpool<\/strong><\/li>\n<li><strong>In Ihrem Zimmer k\u00f6nnen Sie sich in Ihrem privaten Whirlpool<\/strong> verw\u00f6hnen lassen und einen unsch\u00e4tzbaren Blick aufs Meer genie\u00dfen<\/li>\n<\/ul>\n","protected":false},"excerpt":{"rendered":"<p>Bike Services: n\u00fctzlich f\u00fcr ein sicheres Radfahren, auch weit von der Garage entfernt Das Hotel Arizona, Ihr Bike-Hotel in Riccione, ist organisiert, um Ihr Fahrrad und ihre Leidenschaft f\u00fcr das Radfahren zu begr\u00fc\u00dfen. Gravel, Rennen oder MTB? Nur gezielte Dienstleistungen und qualifiziertes Personal f\u00fcr Ihren Aktivurlaub in Riccione. Von der Verpflegung bis zum Zimmerservice, von der Fahrradwerkstatt bis zu den f\u00fcr jede Fahrradart organisierten Bike-Touren. Men\u00fcs das Fr\u00fchst\u00fcck ist flexibel &#8230;<\/p>\n","protected":false},"author":1,"featured_media":0,"parent":0,"menu_order":0,"comment_status":"closed","ping_status":"closed","template":"","meta":{"_acf_changed":false},"class_list":["post-1164","page","type-page","status-publish","hentry"],"acf":[],"_links":{"self":[{"href":"https:\/\/www.arizonabikehotel.com\/de\/wp-json\/wp\/v2\/pages\/1164","targetHints":{"allow":["GET"]}}],"collection":[{"href":"https:\/\/www.arizonabikehotel.com\/de\/wp-json\/wp\/v2\/pages"}],"about":[{"href":"https:\/\/www.arizonabikehotel.com\/de\/wp-json\/wp\/v2\/types\/page"}],"author":[{"embeddable":true,"href":"https:\/\/www.arizonabikehotel.com\/de\/wp-json\/wp\/v2\/users\/1"}],"replies":[{"embeddable":true,"href":"https:\/\/www.arizonabikehotel.com\/de\/wp-json\/wp\/v2\/comments?post=1164"}],"version-history":[{"count":0,"href":"https:\/\/www.arizonabikehotel.com\/de\/wp-json\/wp\/v2\/pages\/1164\/revisions"}],"wp:attachment":[{"href":"https:\/\/www.arizonabikehotel.com\/de\/wp-json\/wp\/v2\/media?parent=1164"}],"curies":[{"name":"wp","href":"https:\/\/api.w.org\/{rel}","templated":true}]}}