{"id":1166,"date":"2018-05-25T11:01:21","date_gmt":"2018-05-25T09:01:21","guid":{"rendered":"https:\/\/www.arizonabikehotel.com\/cucina\/"},"modified":"2018-09-24T15:33:55","modified_gmt":"2018-09-24T13:33:55","slug":"menueangebot","status":"publish","type":"page","link":"https:\/\/www.arizonabikehotel.com\/de\/menueangebot\/","title":{"rendered":"SPORTMEN\u00dc"},"content":{"rendered":"<h2>Ein ausgewogenes Men\u00fc f\u00fcr Ihre k\u00f6rperliche Aktivit\u00e4t, ohne auf den Geschmack der Romagna zu verzichten<\/h2>\n<p>Wenn Sie Ihren Aufenthalt in Riccione mit Fahrrad planen, m\u00fcssen Sie ein <strong>Hotel mit K\u00fcche f\u00fcr Sportler w\u00e4hlen<\/strong>, die den Energiebedarf, die Echtheit und den Geschmack kombinieren wissen.<\/p>\n<h3>Energy Breakfast<\/h3>\n<p>Im Bike Hotel Arizona beginnt die Reise in die <strong>romagnolische Kuche schon beim Fr\u00fchst\u00fcck<\/strong>. Jeden Morgen empf\u00e4ngt Sie ein reichhaltiges <strong>Buffet zu der funktionellsten Zeit f\u00fcr Ihr Training<\/strong> (mit der Rezeption zu abstimmenden Angebot). Hier finden Sie Kohlenhydrate, Fasern und N\u00e4hrstoffvorschl\u00e4ge, um den Tag am besten zu beginnen. Alle Gerichte sind hoch verdaulich und feuchtigkeitsspendend, von Getr\u00e4nken bis zu Lebensmitteln.<\/p>\n<h3>Mittag-und Abendessen<\/h3>\n<p><strong>Zum Mittag-und Abendessen<\/strong> erm\u00f6glicht das Restaurant des Hotels Arizona den authentischen <strong>Geschmack der Romagna auszuprobieren<\/strong>. Die Speisekarte des Sportlers kann das Geschmack der lokalen K\u00fcche mit dem Bed\u00fcrfnis nach einer ausgewogenen Ern\u00e4hrung verbinden, f\u00fcr Ihren aktiven Urlaub.<\/p>\n<div id='gallery-1' class='gallery galleryid-1166 gallery-columns-3 gallery-size-gallery-pagina-thumb'><figure class='gallery-item'>\n\t\t\t<div class='gallery-icon landscape'>\n\t\t\t\t<a href='https:\/\/www.arizonabikehotel.com\/wp-content\/uploads\/2018\/06\/Gallery-Hotel-Arizona-Bike-Cucina-06-.jpg' data-size=\"900x645\"><img loading=\"lazy\" decoding=\"async\" width=\"720\" height=\"480\" src=\"https:\/\/www.arizonabikehotel.com\/wp-content\/uploads\/2018\/06\/Gallery-Hotel-Arizona-Bike-Cucina-06--720x480.jpg\" class=\"attachment-gallery-pagina-thumb size-gallery-pagina-thumb\" alt=\"\" \/><\/a>\n\t\t\t<\/div><\/figure><figure class='gallery-item'>\n\t\t\t<div class='gallery-icon landscape'>\n\t\t\t\t<a href='https:\/\/www.arizonabikehotel.com\/wp-content\/uploads\/2018\/08\/Gallery-Hotel-Arizona-Bike-Cucina-10-.jpg' data-size=\"900x645\"><img loading=\"lazy\" decoding=\"async\" width=\"720\" height=\"480\" src=\"https:\/\/www.arizonabikehotel.com\/wp-content\/uploads\/2018\/08\/Gallery-Hotel-Arizona-Bike-Cucina-10--720x480.jpg\" class=\"attachment-gallery-pagina-thumb size-gallery-pagina-thumb\" alt=\"\" \/><\/a>\n\t\t\t<\/div><\/figure><figure class='gallery-item'>\n\t\t\t<div class='gallery-icon landscape'>\n\t\t\t\t<a href='https:\/\/www.arizonabikehotel.com\/wp-content\/uploads\/2018\/08\/Gallery-Hotel-Arizona-Bike-Cucina-12.jpg' data-size=\"900x645\"><img loading=\"lazy\" decoding=\"async\" width=\"720\" height=\"480\" src=\"https:\/\/www.arizonabikehotel.com\/wp-content\/uploads\/2018\/08\/Gallery-Hotel-Arizona-Bike-Cucina-12-720x480.jpg\" class=\"attachment-gallery-pagina-thumb size-gallery-pagina-thumb\" alt=\"\" \/><\/a>\n\t\t\t<\/div><\/figure><figure class='gallery-item'>\n\t\t\t<div class='gallery-icon landscape'>\n\t\t\t\t<a href='https:\/\/www.arizonabikehotel.com\/wp-content\/uploads\/2018\/08\/Gallery-Hotel-Arizona-Bike-Cucina-08-.jpg' data-size=\"900x645\"><img loading=\"lazy\" decoding=\"async\" width=\"720\" height=\"480\" src=\"https:\/\/www.arizonabikehotel.com\/wp-content\/uploads\/2018\/08\/Gallery-Hotel-Arizona-Bike-Cucina-08--720x480.jpg\" class=\"attachment-gallery-pagina-thumb size-gallery-pagina-thumb\" alt=\"\" \/><\/a>\n\t\t\t<\/div><\/figure><figure class='gallery-item'>\n\t\t\t<div class='gallery-icon landscape'>\n\t\t\t\t<a href='https:\/\/www.arizonabikehotel.com\/wp-content\/uploads\/2018\/06\/Gallery-Hotel-Arizona-Bike-Cucina-01-.jpg' data-size=\"900x645\"><img loading=\"lazy\" decoding=\"async\" width=\"720\" height=\"480\" src=\"https:\/\/www.arizonabikehotel.com\/wp-content\/uploads\/2018\/06\/Gallery-Hotel-Arizona-Bike-Cucina-01--720x480.jpg\" class=\"attachment-gallery-pagina-thumb size-gallery-pagina-thumb\" alt=\"\" \/><\/a>\n\t\t\t<\/div><\/figure><figure class='gallery-item'>\n\t\t\t<div class='gallery-icon landscape'>\n\t\t\t\t<a href='https:\/\/www.arizonabikehotel.com\/wp-content\/uploads\/2018\/06\/Gallery-Hotel-Arizona-Bike-Cucina-02-.jpg' data-size=\"900x645\"><img loading=\"lazy\" decoding=\"async\" width=\"720\" height=\"480\" src=\"https:\/\/www.arizonabikehotel.com\/wp-content\/uploads\/2018\/06\/Gallery-Hotel-Arizona-Bike-Cucina-02--720x480.jpg\" class=\"attachment-gallery-pagina-thumb size-gallery-pagina-thumb\" alt=\"\" \/><\/a>\n\t\t\t<\/div><\/figure><figure class='gallery-item'>\n\t\t\t<div class='gallery-icon landscape'>\n\t\t\t\t<a href='https:\/\/www.arizonabikehotel.com\/wp-content\/uploads\/2018\/06\/Gallery-Hotel-Arizona-Bike-Cucina-05-.jpg' data-size=\"900x645\"><img loading=\"lazy\" decoding=\"async\" width=\"720\" height=\"480\" src=\"https:\/\/www.arizonabikehotel.com\/wp-content\/uploads\/2018\/06\/Gallery-Hotel-Arizona-Bike-Cucina-05--720x480.jpg\" class=\"attachment-gallery-pagina-thumb size-gallery-pagina-thumb\" alt=\"\" \/><\/a>\n\t\t\t<\/div><\/figure><figure class='gallery-item'>\n\t\t\t<div class='gallery-icon landscape'>\n\t\t\t\t<a href='https:\/\/www.arizonabikehotel.com\/wp-content\/uploads\/2018\/08\/Gallery-Hotel-Arizona-Bike-Cucina-09-.jpg' data-size=\"900x645\"><img loading=\"lazy\" decoding=\"async\" width=\"720\" height=\"480\" src=\"https:\/\/www.arizonabikehotel.com\/wp-content\/uploads\/2018\/08\/Gallery-Hotel-Arizona-Bike-Cucina-09--720x480.jpg\" class=\"attachment-gallery-pagina-thumb size-gallery-pagina-thumb\" alt=\"\" \/><\/a>\n\t\t\t<\/div><\/figure><figure class='gallery-item'>\n\t\t\t<div class='gallery-icon landscape'>\n\t\t\t\t<a href='https:\/\/www.arizonabikehotel.com\/wp-content\/uploads\/2018\/06\/Gallery-Hotel-Arizona-Bike-Cucina-03-.jpg' data-size=\"900x645\"><img loading=\"lazy\" decoding=\"async\" width=\"720\" height=\"480\" src=\"https:\/\/www.arizonabikehotel.com\/wp-content\/uploads\/2018\/06\/Gallery-Hotel-Arizona-Bike-Cucina-03--720x480.jpg\" class=\"attachment-gallery-pagina-thumb size-gallery-pagina-thumb\" alt=\"\" \/><\/a>\n\t\t\t<\/div><\/figure><figure class='gallery-item'>\n\t\t\t<div class='gallery-icon landscape'>\n\t\t\t\t<a href='https:\/\/www.arizonabikehotel.com\/wp-content\/uploads\/2018\/06\/Gallery-Hotel-Arizona-Bike-Cucina-04-.jpg' data-size=\"900x645\"><img loading=\"lazy\" decoding=\"async\" width=\"720\" height=\"480\" src=\"https:\/\/www.arizonabikehotel.com\/wp-content\/uploads\/2018\/06\/Gallery-Hotel-Arizona-Bike-Cucina-04--720x480.jpg\" class=\"attachment-gallery-pagina-thumb size-gallery-pagina-thumb\" alt=\"\" \/><\/a>\n\t\t\t<\/div><\/figure><figure class='gallery-item'>\n\t\t\t<div class='gallery-icon landscape'>\n\t\t\t\t<a href='https:\/\/www.arizonabikehotel.com\/wp-content\/uploads\/2018\/08\/Gallery-Hotel-Arizona-Bike-Cucina-11-.jpg' data-size=\"900x645\"><img loading=\"lazy\" decoding=\"async\" width=\"720\" height=\"480\" src=\"https:\/\/www.arizonabikehotel.com\/wp-content\/uploads\/2018\/08\/Gallery-Hotel-Arizona-Bike-Cucina-11--720x480.jpg\" class=\"attachment-gallery-pagina-thumb size-gallery-pagina-thumb\" alt=\"\" \/><\/a>\n\t\t\t<\/div><\/figure><figure class='gallery-item'>\n\t\t\t<div class='gallery-icon landscape'>\n\t\t\t\t<a href='https:\/\/www.arizonabikehotel.com\/wp-content\/uploads\/2018\/06\/Gallery-Hotel-Arizona-Bike-Cucina-07-.jpg' data-size=\"900x645\"><img loading=\"lazy\" decoding=\"async\" width=\"720\" height=\"480\" src=\"https:\/\/www.arizonabikehotel.com\/wp-content\/uploads\/2018\/06\/Gallery-Hotel-Arizona-Bike-Cucina-07--720x480.jpg\" class=\"attachment-gallery-pagina-thumb size-gallery-pagina-thumb\" alt=\"\" \/><\/a>\n\t\t\t<\/div><\/figure>\n\t\t<\/div>\n\n<h3>After-Workount Aperitif<\/h3>\n<p>Wenn Sie von der <strong>Radtour zur\u00fcckkehren<\/strong>, erwartet Sie ein leckeres <strong>S\u00fc\u00dfes und salziges Buffet<\/strong>, um Ihre Energien wiederherzustellen und sich zu entspannen.<\/p>\n","protected":false},"excerpt":{"rendered":"<p>Ein ausgewogenes Men\u00fc f\u00fcr Ihre k\u00f6rperliche Aktivit\u00e4t, ohne auf den Geschmack der Romagna zu verzichten Wenn Sie Ihren Aufenthalt in Riccione mit Fahrrad planen, m\u00fcssen Sie ein Hotel mit K\u00fcche f\u00fcr Sportler w\u00e4hlen, die den Energiebedarf, die Echtheit und den Geschmack kombinieren wissen. Energy Breakfast Im Bike Hotel Arizona beginnt die Reise in die romagnolische Kuche schon beim Fr\u00fchst\u00fcck. Jeden Morgen empf\u00e4ngt Sie ein reichhaltiges Buffet zu der funktionellsten Zeit &#8230;<\/p>\n","protected":false},"author":1,"featured_media":0,"parent":0,"menu_order":0,"comment_status":"closed","ping_status":"closed","template":"","meta":{"_acf_changed":false},"class_list":["post-1166","page","type-page","status-publish","hentry"],"acf":[],"_links":{"self":[{"href":"https:\/\/www.arizonabikehotel.com\/de\/wp-json\/wp\/v2\/pages\/1166","targetHints":{"allow":["GET"]}}],"collection":[{"href":"https:\/\/www.arizonabikehotel.com\/de\/wp-json\/wp\/v2\/pages"}],"about":[{"href":"https:\/\/www.arizonabikehotel.com\/de\/wp-json\/wp\/v2\/types\/page"}],"author":[{"embeddable":true,"href":"https:\/\/www.arizonabikehotel.com\/de\/wp-json\/wp\/v2\/users\/1"}],"replies":[{"embeddable":true,"href":"https:\/\/www.arizonabikehotel.com\/de\/wp-json\/wp\/v2\/comments?post=1166"}],"version-history":[{"count":0,"href":"https:\/\/www.arizonabikehotel.com\/de\/wp-json\/wp\/v2\/pages\/1166\/revisions"}],"wp:attachment":[{"href":"https:\/\/www.arizonabikehotel.com\/de\/wp-json\/wp\/v2\/media?parent=1166"}],"curies":[{"name":"wp","href":"https:\/\/api.w.org\/{rel}","templated":true}]}}