{"id":1168,"date":"2018-05-25T10:58:53","date_gmt":"2018-05-25T08:58:53","guid":{"rendered":"https:\/\/www.arizonabikehotel.com\/percorsi\/"},"modified":"2018-09-24T16:20:59","modified_gmt":"2018-09-24T14:20:59","slug":"tours-und-routen","status":"publish","type":"page","link":"https:\/\/www.arizonabikehotel.com\/de\/tours-und-routen\/","title":{"rendered":"TOURS UND ROUTEN"},"content":{"rendered":"<h2>Tours und Routen von Riccione,um das Hinterland mit Rennrad, MTB und gravelbike zu entdecken<\/h2>\n<p>Um Ihr Bike-Erlebnis in der Romagna noch adrenalinischer zu machen, bietet das Arizona Bike Hotel eine Reihe <strong>von Routen, die f\u00fcr jede Art von Fahrrad geeignet sind<\/strong>, vom Rennrad bis zum <strong>Mountainbike und zum Gravelbike<\/strong>.<\/p>\n<p>Alle Radtouren werden von <strong>fachkundigen F\u00fchrern organisiert und nach drei verschiedenen Vorbereitungsstufen strukturiert<\/strong>. Der <strong>einfacher<\/strong> Weg f\u00fcr Anf\u00e4nger, der <strong>medium<\/strong> Weg f\u00fcr die Zwischenebene, der <strong>schwieriger<\/strong> Weg f\u00fcr die Profis.<\/p>\n","protected":false},"excerpt":{"rendered":"<p>Tours und Routen von Riccione,um das Hinterland mit Rennrad, MTB und gravelbike zu entdecken Um Ihr Bike-Erlebnis in der Romagna noch adrenalinischer zu machen, bietet das Arizona Bike Hotel eine Reihe von Routen, die f\u00fcr jede Art von Fahrrad geeignet sind, vom Rennrad bis zum Mountainbike und zum Gravelbike. Alle Radtouren werden von fachkundigen F\u00fchrern organisiert und nach drei verschiedenen Vorbereitungsstufen strukturiert. Der einfacher Weg f\u00fcr Anf\u00e4nger, der medium Weg &#8230;<\/p>\n","protected":false},"author":1,"featured_media":0,"parent":0,"menu_order":0,"comment_status":"closed","ping_status":"closed","template":"template\/template.percorsi.php","meta":{"_acf_changed":false},"class_list":["post-1168","page","type-page","status-publish","hentry"],"acf":[],"_links":{"self":[{"href":"https:\/\/www.arizonabikehotel.com\/de\/wp-json\/wp\/v2\/pages\/1168","targetHints":{"allow":["GET"]}}],"collection":[{"href":"https:\/\/www.arizonabikehotel.com\/de\/wp-json\/wp\/v2\/pages"}],"about":[{"href":"https:\/\/www.arizonabikehotel.com\/de\/wp-json\/wp\/v2\/types\/page"}],"author":[{"embeddable":true,"href":"https:\/\/www.arizonabikehotel.com\/de\/wp-json\/wp\/v2\/users\/1"}],"replies":[{"embeddable":true,"href":"https:\/\/www.arizonabikehotel.com\/de\/wp-json\/wp\/v2\/comments?post=1168"}],"version-history":[{"count":0,"href":"https:\/\/www.arizonabikehotel.com\/de\/wp-json\/wp\/v2\/pages\/1168\/revisions"}],"wp:attachment":[{"href":"https:\/\/www.arizonabikehotel.com\/de\/wp-json\/wp\/v2\/media?parent=1168"}],"curies":[{"name":"wp","href":"https:\/\/api.w.org\/{rel}","templated":true}]}}