{"id":1178,"date":"2018-06-28T16:06:36","date_gmt":"2018-06-28T14:06:36","guid":{"rendered":"https:\/\/www.arizonabikehotel.com\/bike-manager\/"},"modified":"2018-09-24T15:23:28","modified_gmt":"2018-09-24T13:23:28","slug":"bike-manager","status":"publish","type":"page","link":"https:\/\/www.arizonabikehotel.com\/de\/bike-manager\/","title":{"rendered":"BIKE MANAGER"},"content":{"rendered":"<h3>Fachreferenten f\u00fcr Ihren Bike-Urlaub in Riccione<\/h3>\n<p>Beim Arizona Bike Hotel warten wir auf Sie: Wir sind drei<strong> Radsportfans<\/strong> und sind gerne auf Ihrer Seite mit Ratschl\u00e4ge und Beratungen f\u00fcr Ihren Radurlaub immer zur Verf\u00fcgung. Consuelo, Lina und Dora koordinieren alle Bike-Aktivit\u00e4ten im Hotel, k\u00fcmmern sich pers\u00f6nlich um die Rezeption und planen immer neue Touren.<\/p>\n<div id='gallery-1' class='gallery galleryid-1178 gallery-columns-3 gallery-size-gallery-pagina-thumb'><figure class='gallery-item'>\n\t\t\t<div class='gallery-icon landscape'>\n\t\t\t\t<a href='https:\/\/www.arizonabikehotel.com\/wp-content\/uploads\/2018\/06\/Gallery-Hotel-Arizona-Bike-Manager-01-.jpg' data-size=\"900x645\"><img loading=\"lazy\" decoding=\"async\" width=\"720\" height=\"480\" src=\"https:\/\/www.arizonabikehotel.com\/wp-content\/uploads\/2018\/06\/Gallery-Hotel-Arizona-Bike-Manager-01--720x480.jpg\" class=\"attachment-gallery-pagina-thumb size-gallery-pagina-thumb\" alt=\"\" \/><\/a>\n\t\t\t<\/div><\/figure><figure class='gallery-item'>\n\t\t\t<div class='gallery-icon landscape'>\n\t\t\t\t<a href='https:\/\/www.arizonabikehotel.com\/wp-content\/uploads\/2018\/06\/Gallery-Hotel-Arizona-Bike-Manager-03-.jpg' data-size=\"900x645\"><img loading=\"lazy\" decoding=\"async\" width=\"720\" height=\"480\" src=\"https:\/\/www.arizonabikehotel.com\/wp-content\/uploads\/2018\/06\/Gallery-Hotel-Arizona-Bike-Manager-03--720x480.jpg\" class=\"attachment-gallery-pagina-thumb size-gallery-pagina-thumb\" alt=\"\" \/><\/a>\n\t\t\t<\/div><\/figure><figure class='gallery-item'>\n\t\t\t<div class='gallery-icon landscape'>\n\t\t\t\t<a href='https:\/\/www.arizonabikehotel.com\/wp-content\/uploads\/2018\/06\/Gallery-Hotel-Arizona-Bike-Manager-02-.jpg' data-size=\"900x645\"><img loading=\"lazy\" decoding=\"async\" width=\"720\" height=\"480\" src=\"https:\/\/www.arizonabikehotel.com\/wp-content\/uploads\/2018\/06\/Gallery-Hotel-Arizona-Bike-Manager-02--720x480.jpg\" class=\"attachment-gallery-pagina-thumb size-gallery-pagina-thumb\" alt=\"\" \/><\/a>\n\t\t\t<\/div><\/figure><figure class='gallery-item'>\n\t\t\t<div class='gallery-icon landscape'>\n\t\t\t\t<a href='https:\/\/www.arizonabikehotel.com\/wp-content\/uploads\/2018\/08\/Gallery-Hotel-Arizona-Bike-Manager-04-.jpg' data-size=\"900x645\"><img loading=\"lazy\" decoding=\"async\" width=\"720\" height=\"480\" src=\"https:\/\/www.arizonabikehotel.com\/wp-content\/uploads\/2018\/08\/Gallery-Hotel-Arizona-Bike-Manager-04--720x480.jpg\" class=\"attachment-gallery-pagina-thumb size-gallery-pagina-thumb\" alt=\"\" \/><\/a>\n\t\t\t<\/div><\/figure>\n\t\t<\/div>\n\n<p>Sie sind <strong>Radsportfans<\/strong> und treten sehr gerne auf die Pedalen. Sie werden Ihre Referentinnen w\u00e4hrend des Urlaubs sein und wissen jeden Tag, wie Ihr Radurlaub am besten wird. Consuelo, Lina und Dora sind das pulsierende Herz des Arizona Bike Hotels und sind mit allen <strong>Bed\u00fcrfnissen der Radtouristen bestens vertraut<\/strong>. Sie koordinieren sich mit den <strong>Bike Guides<\/strong> und w\u00e4hlen f\u00fcr Sie die besten Fahrradgesch\u00e4fte, die f\u00fcr Leihausr\u00fcstung und technischen Support zur Verf\u00fcgung sind.<\/p>\n","protected":false},"excerpt":{"rendered":"<p>Fachreferenten f\u00fcr Ihren Bike-Urlaub in Riccione Beim Arizona Bike Hotel warten wir auf Sie: Wir sind drei Radsportfans und sind gerne auf Ihrer Seite mit Ratschl\u00e4ge und Beratungen f\u00fcr Ihren Radurlaub immer zur Verf\u00fcgung. Consuelo, Lina und Dora koordinieren alle Bike-Aktivit\u00e4ten im Hotel, k\u00fcmmern sich pers\u00f6nlich um die Rezeption und planen immer neue Touren. Sie sind Radsportfans und treten sehr gerne auf die Pedalen. Sie werden Ihre Referentinnen w\u00e4hrend des &#8230;<\/p>\n","protected":false},"author":1,"featured_media":0,"parent":0,"menu_order":0,"comment_status":"closed","ping_status":"closed","template":"","meta":{"_acf_changed":false},"class_list":["post-1178","page","type-page","status-publish","hentry"],"acf":[],"_links":{"self":[{"href":"https:\/\/www.arizonabikehotel.com\/de\/wp-json\/wp\/v2\/pages\/1178","targetHints":{"allow":["GET"]}}],"collection":[{"href":"https:\/\/www.arizonabikehotel.com\/de\/wp-json\/wp\/v2\/pages"}],"about":[{"href":"https:\/\/www.arizonabikehotel.com\/de\/wp-json\/wp\/v2\/types\/page"}],"author":[{"embeddable":true,"href":"https:\/\/www.arizonabikehotel.com\/de\/wp-json\/wp\/v2\/users\/1"}],"replies":[{"embeddable":true,"href":"https:\/\/www.arizonabikehotel.com\/de\/wp-json\/wp\/v2\/comments?post=1178"}],"version-history":[{"count":0,"href":"https:\/\/www.arizonabikehotel.com\/de\/wp-json\/wp\/v2\/pages\/1178\/revisions"}],"wp:attachment":[{"href":"https:\/\/www.arizonabikehotel.com\/de\/wp-json\/wp\/v2\/media?parent=1178"}],"curies":[{"name":"wp","href":"https:\/\/api.w.org\/{rel}","templated":true}]}}