{"id":1180,"date":"2018-06-28T17:01:54","date_gmt":"2018-06-28T15:01:54","guid":{"rendered":"https:\/\/www.arizonabikehotel.com\/bike-room\/"},"modified":"2018-09-24T15:18:30","modified_gmt":"2018-09-24T13:18:30","slug":"bike-room","status":"publish","type":"page","link":"https:\/\/www.arizonabikehotel.com\/de\/bike-room\/","title":{"rendered":"BIKE ROOM"},"content":{"rendered":"<h2>Ein video\u00fcberwachtes Depot, in dem Sie Ihr Fahrrad parken k\u00f6nnen<\/h2>\n<p>Beim Hotel Arizona <strong>haben wir ein sicherer Raum zur Verf\u00fcgung gestellt<\/strong>, in dem Sie Ihr Fahrrad w\u00e4hrend Ihres Hotelaufenthaltes aufbewahren k\u00f6nnen. Legen Sie Ihr Fahrrad auf ein <strong>professionelles Regal<\/strong> mit zugelassenen Haken, sicher, um es in v\u00f6lliger Sicherheit zu halten und vor Besch\u00e4digungen zu sch\u00fctzen. Der Zugang zum Fahrradraum ist nur den Radfahrern gestattet und die gesamte <strong>Umgebung wird von Kameras video\u00fcberwacht<\/strong>.<\/p>\n<div id='gallery-1' class='gallery galleryid-1180 gallery-columns-3 gallery-size-gallery-pagina-thumb'><figure class='gallery-item'>\n\t\t\t<div class='gallery-icon landscape'>\n\t\t\t\t<a href='https:\/\/www.arizonabikehotel.com\/wp-content\/uploads\/2018\/08\/Gallery-Hotel-Arizona-Bike-Room-05-.jpg' data-size=\"900x645\"><img loading=\"lazy\" decoding=\"async\" width=\"720\" height=\"480\" src=\"https:\/\/www.arizonabikehotel.com\/wp-content\/uploads\/2018\/08\/Gallery-Hotel-Arizona-Bike-Room-05--720x480.jpg\" class=\"attachment-gallery-pagina-thumb size-gallery-pagina-thumb\" alt=\"\" \/><\/a>\n\t\t\t<\/div><\/figure><figure class='gallery-item'>\n\t\t\t<div class='gallery-icon landscape'>\n\t\t\t\t<a href='https:\/\/www.arizonabikehotel.com\/wp-content\/uploads\/2018\/08\/Gallery-Hotel-Arizona-Bike-Room-08-.jpg' data-size=\"900x645\"><img loading=\"lazy\" decoding=\"async\" width=\"720\" height=\"480\" src=\"https:\/\/www.arizonabikehotel.com\/wp-content\/uploads\/2018\/08\/Gallery-Hotel-Arizona-Bike-Room-08--720x480.jpg\" class=\"attachment-gallery-pagina-thumb size-gallery-pagina-thumb\" alt=\"\" \/><\/a>\n\t\t\t<\/div><\/figure><figure class='gallery-item'>\n\t\t\t<div class='gallery-icon landscape'>\n\t\t\t\t<a href='https:\/\/www.arizonabikehotel.com\/wp-content\/uploads\/2018\/08\/Gallery-Hotel-Arizona-Bike-Room-10.jpg' data-size=\"900x645\"><img loading=\"lazy\" decoding=\"async\" width=\"720\" height=\"480\" src=\"https:\/\/www.arizonabikehotel.com\/wp-content\/uploads\/2018\/08\/Gallery-Hotel-Arizona-Bike-Room-10-720x480.jpg\" class=\"attachment-gallery-pagina-thumb size-gallery-pagina-thumb\" alt=\"\" \/><\/a>\n\t\t\t<\/div><\/figure><figure class='gallery-item'>\n\t\t\t<div class='gallery-icon landscape'>\n\t\t\t\t<a href='https:\/\/www.arizonabikehotel.com\/wp-content\/uploads\/2018\/08\/Gallery-Hotel-Arizona-Bike-Room-07-.jpg' data-size=\"900x645\"><img loading=\"lazy\" decoding=\"async\" width=\"720\" height=\"480\" src=\"https:\/\/www.arizonabikehotel.com\/wp-content\/uploads\/2018\/08\/Gallery-Hotel-Arizona-Bike-Room-07--720x480.jpg\" class=\"attachment-gallery-pagina-thumb size-gallery-pagina-thumb\" alt=\"\" \/><\/a>\n\t\t\t<\/div><\/figure><figure class='gallery-item'>\n\t\t\t<div class='gallery-icon landscape'>\n\t\t\t\t<a href='https:\/\/www.arizonabikehotel.com\/wp-content\/uploads\/2018\/08\/Gallery-Hotel-Arizona-Bike-Room-09.jpg' data-size=\"900x645\"><img loading=\"lazy\" decoding=\"async\" width=\"720\" height=\"480\" src=\"https:\/\/www.arizonabikehotel.com\/wp-content\/uploads\/2018\/08\/Gallery-Hotel-Arizona-Bike-Room-09-720x480.jpg\" class=\"attachment-gallery-pagina-thumb size-gallery-pagina-thumb\" alt=\"\" \/><\/a>\n\t\t\t<\/div><\/figure><figure class='gallery-item'>\n\t\t\t<div class='gallery-icon landscape'>\n\t\t\t\t<a href='https:\/\/www.arizonabikehotel.com\/wp-content\/uploads\/2018\/06\/Gallery-Hotel-Arizona-Bike-Room-03-.jpg' data-size=\"900x645\"><img loading=\"lazy\" decoding=\"async\" width=\"720\" height=\"480\" src=\"https:\/\/www.arizonabikehotel.com\/wp-content\/uploads\/2018\/06\/Gallery-Hotel-Arizona-Bike-Room-03--720x480.jpg\" class=\"attachment-gallery-pagina-thumb size-gallery-pagina-thumb\" alt=\"\" \/><\/a>\n\t\t\t<\/div><\/figure><figure class='gallery-item'>\n\t\t\t<div class='gallery-icon landscape'>\n\t\t\t\t<a href='https:\/\/www.arizonabikehotel.com\/wp-content\/uploads\/2018\/08\/Gallery-Hotel-Arizona-Bike-Room-11.jpg' data-size=\"900x645\"><img loading=\"lazy\" decoding=\"async\" width=\"720\" height=\"480\" src=\"https:\/\/www.arizonabikehotel.com\/wp-content\/uploads\/2018\/08\/Gallery-Hotel-Arizona-Bike-Room-11-720x480.jpg\" class=\"attachment-gallery-pagina-thumb size-gallery-pagina-thumb\" alt=\"\" \/><\/a>\n\t\t\t<\/div><\/figure>\n\t\t<\/div>\n\n<p>Das Hotel gibt verf\u00fcgt auch \u00fcber einen <strong>Fahrradwerkstatt<\/strong>, der f\u00fcr kleine Reparaturen ausgestattet ist.<\/p>\n","protected":false},"excerpt":{"rendered":"<p>Ein video\u00fcberwachtes Depot, in dem Sie Ihr Fahrrad parken k\u00f6nnen Beim Hotel Arizona haben wir ein sicherer Raum zur Verf\u00fcgung gestellt, in dem Sie Ihr Fahrrad w\u00e4hrend Ihres Hotelaufenthaltes aufbewahren k\u00f6nnen. Legen Sie Ihr Fahrrad auf ein professionelles Regal mit zugelassenen Haken, sicher, um es in v\u00f6lliger Sicherheit zu halten und vor Besch\u00e4digungen zu sch\u00fctzen. Der Zugang zum Fahrradraum ist nur den Radfahrern gestattet und die gesamte Umgebung wird von &#8230;<\/p>\n","protected":false},"author":1,"featured_media":0,"parent":0,"menu_order":0,"comment_status":"closed","ping_status":"closed","template":"","meta":{"_acf_changed":false},"class_list":["post-1180","page","type-page","status-publish","hentry"],"acf":[],"_links":{"self":[{"href":"https:\/\/www.arizonabikehotel.com\/de\/wp-json\/wp\/v2\/pages\/1180","targetHints":{"allow":["GET"]}}],"collection":[{"href":"https:\/\/www.arizonabikehotel.com\/de\/wp-json\/wp\/v2\/pages"}],"about":[{"href":"https:\/\/www.arizonabikehotel.com\/de\/wp-json\/wp\/v2\/types\/page"}],"author":[{"embeddable":true,"href":"https:\/\/www.arizonabikehotel.com\/de\/wp-json\/wp\/v2\/users\/1"}],"replies":[{"embeddable":true,"href":"https:\/\/www.arizonabikehotel.com\/de\/wp-json\/wp\/v2\/comments?post=1180"}],"version-history":[{"count":0,"href":"https:\/\/www.arizonabikehotel.com\/de\/wp-json\/wp\/v2\/pages\/1180\/revisions"}],"wp:attachment":[{"href":"https:\/\/www.arizonabikehotel.com\/de\/wp-json\/wp\/v2\/media?parent=1180"}],"curies":[{"name":"wp","href":"https:\/\/api.w.org\/{rel}","templated":true}]}}