{"id":1182,"date":"2018-06-29T11:18:15","date_gmt":"2018-06-29T09:18:15","guid":{"rendered":"https:\/\/www.arizonabikehotel.com\/noleggio-bike\/"},"modified":"2018-09-25T12:56:39","modified_gmt":"2018-09-25T10:56:39","slug":"vermietung","status":"publish","type":"page","link":"https:\/\/www.arizonabikehotel.com\/de\/vermietung\/","title":{"rendered":"Vermietung"},"content":{"rendered":"<h2>W\u00e4hlen und mieten Sie Ihr Fahrrad direkt w\u00e4hrend dem Urlaub in Riccione<\/h2>\n<p>Das Arizona Bike Hotel bietet eine <strong>spezielle Vereinbarung mit den besten spezialisierten<\/strong> Gesch\u00e4ften der Stadt Riccione und gibt Ihnen die M\u00f6glichkeit, sowohl das richtige <strong>Fahrrad<\/strong> zu mieten, als auch die <strong>Ausr\u00fcstung<\/strong>, die f\u00fcr Ihre Radtouren ben\u00f6tigt wird.<\/p>\n<h3>W\u00e4hlen Sie nicht nur die perfekte Gr\u00f6\u00dfe f\u00fcr Sie, sondern auch das Modell des Fahrrads.<\/h3>\n<ul>\n<li>Sind Sie ein <strong>Rennradliebhaber<\/strong>?<\/li>\n<li>Sie lieben Feldwege und k\u00f6nnen auf den <strong>MTB<\/strong> nicht verzichten?<\/li>\n<li>Oder lieben Sie <strong>Gravelbikes<\/strong>?<\/li>\n<\/ul>\n<p><strong>Im Arizona Bike Hotel<\/strong> ist Ihr <strong>Traumbike schon bei uns<\/strong>. Pedale, technische Bekleidung, Helm und Zubeh\u00f6r: Travel Light, im Hotel Arizona in Riccione finden Sie alles, was Sie f\u00fcr ein 100% unvergessliches Bike-Erlebnis brauchen.<\/p>\n","protected":false},"excerpt":{"rendered":"<p>W\u00e4hlen und mieten Sie Ihr Fahrrad direkt w\u00e4hrend dem Urlaub in Riccione Das Arizona Bike Hotel bietet eine spezielle Vereinbarung mit den besten spezialisierten Gesch\u00e4ften der Stadt Riccione und gibt Ihnen die M\u00f6glichkeit, sowohl das richtige Fahrrad zu mieten, als auch die Ausr\u00fcstung, die f\u00fcr Ihre Radtouren ben\u00f6tigt wird. W\u00e4hlen Sie nicht nur die perfekte Gr\u00f6\u00dfe f\u00fcr Sie, sondern auch das Modell des Fahrrads. Sind Sie ein Rennradliebhaber? Sie lieben &#8230;<\/p>\n","protected":false},"author":1,"featured_media":0,"parent":0,"menu_order":0,"comment_status":"closed","ping_status":"closed","template":"","meta":{"_acf_changed":false},"class_list":["post-1182","page","type-page","status-publish","hentry"],"acf":[],"_links":{"self":[{"href":"https:\/\/www.arizonabikehotel.com\/de\/wp-json\/wp\/v2\/pages\/1182","targetHints":{"allow":["GET"]}}],"collection":[{"href":"https:\/\/www.arizonabikehotel.com\/de\/wp-json\/wp\/v2\/pages"}],"about":[{"href":"https:\/\/www.arizonabikehotel.com\/de\/wp-json\/wp\/v2\/types\/page"}],"author":[{"embeddable":true,"href":"https:\/\/www.arizonabikehotel.com\/de\/wp-json\/wp\/v2\/users\/1"}],"replies":[{"embeddable":true,"href":"https:\/\/www.arizonabikehotel.com\/de\/wp-json\/wp\/v2\/comments?post=1182"}],"version-history":[{"count":0,"href":"https:\/\/www.arizonabikehotel.com\/de\/wp-json\/wp\/v2\/pages\/1182\/revisions"}],"wp:attachment":[{"href":"https:\/\/www.arizonabikehotel.com\/de\/wp-json\/wp\/v2\/media?parent=1182"}],"curies":[{"name":"wp","href":"https:\/\/api.w.org\/{rel}","templated":true}]}}