{"id":1190,"date":"2018-07-03T15:10:12","date_gmt":"2018-07-03T13:10:12","guid":{"rendered":"https:\/\/www.arizonabikehotel.com\/bike-hotel\/"},"modified":"2018-09-24T15:07:07","modified_gmt":"2018-09-24T13:07:07","slug":"hotel-direkt-vorm-meer","status":"publish","type":"page","link":"https:\/\/www.arizonabikehotel.com\/de\/hotel-direkt-vorm-meer\/","title":{"rendered":"DAS TOP-BIKE HOTEL DIREKT VORM MEER VON RICCIONE"},"content":{"rendered":"<h2>Der Strand liegt direkt vorm Hotel und wartet auf Sie f\u00fcr Ruhe und Enstpannung<\/h2>\n<p><strong>Hotel Arizona ist das Bike Hotel in Riccione<\/strong> und liegt <strong>direkt vorm Meer<\/strong>. Hier k\u00f6nnen Sie die <strong>Leidenschaft<\/strong> <strong>f\u00fcr das Fahrrad<\/strong> und die<strong> Entspannung auf dem Strande<\/strong> vereinen. Ob f\u00fcr einen Spaziergang am Morgen, wenn die Brise ein angenehmer frischer Hauch ist oder f\u00fcr ein Match Beachvolleyball oder f\u00fcr einen Tauch, beim Arizona Bike Hotel ist das Meer wirklich Teil Ihres Urlaubs.<\/p>\n<p>Sie sind in einer <strong>privilegierten Lage<\/strong>, den Strand der romagnolichen Riviera in all seinen Nuancen zu erleben. <strong>Unterhaltung f\u00fcr Kinder, Strandsport und Sonnenbaden<\/strong> zwischen Kinderbett und Sonnenschirm zu genie\u00dfen. Wenn Sie ein Hotel direkt am Meer in Riccione suchen und Ihre Liebe f\u00fcr das <strong>Fahrrad<\/strong> ausdr\u00fccken m\u00f6chten, dann ist sicherlich das Hotel Arizona das Beste!<\/p>\n<div id='gallery-1' class='gallery galleryid-1190 gallery-columns-3 gallery-size-gallery-pagina-thumb'><figure class='gallery-item'>\n\t\t\t<div class='gallery-icon landscape'>\n\t\t\t\t<a href='https:\/\/www.arizonabikehotel.com\/wp-content\/uploads\/2018\/07\/Gallery-Hotel-Arizona-Bike-Hotel-01-.jpg' data-size=\"900x645\"><img loading=\"lazy\" decoding=\"async\" width=\"720\" height=\"480\" src=\"https:\/\/www.arizonabikehotel.com\/wp-content\/uploads\/2018\/07\/Gallery-Hotel-Arizona-Bike-Hotel-01--720x480.jpg\" class=\"attachment-gallery-pagina-thumb size-gallery-pagina-thumb\" alt=\"\" \/><\/a>\n\t\t\t<\/div><\/figure><figure class='gallery-item'>\n\t\t\t<div class='gallery-icon landscape'>\n\t\t\t\t<a href='https:\/\/www.arizonabikehotel.com\/wp-content\/uploads\/2018\/07\/Gallery-Hotel-Arizona-Bike-Hotel-03-.jpg' data-size=\"900x645\"><img loading=\"lazy\" decoding=\"async\" width=\"720\" height=\"480\" src=\"https:\/\/www.arizonabikehotel.com\/wp-content\/uploads\/2018\/07\/Gallery-Hotel-Arizona-Bike-Hotel-03--720x480.jpg\" class=\"attachment-gallery-pagina-thumb size-gallery-pagina-thumb\" alt=\"\" \/><\/a>\n\t\t\t<\/div><\/figure><figure class='gallery-item'>\n\t\t\t<div class='gallery-icon landscape'>\n\t\t\t\t<a href='https:\/\/www.arizonabikehotel.com\/wp-content\/uploads\/2018\/07\/Gallery-Hotel-Arizona-Bike-Hotel-02-.jpg' data-size=\"900x645\"><img loading=\"lazy\" decoding=\"async\" width=\"720\" height=\"480\" src=\"https:\/\/www.arizonabikehotel.com\/wp-content\/uploads\/2018\/07\/Gallery-Hotel-Arizona-Bike-Hotel-02--720x480.jpg\" class=\"attachment-gallery-pagina-thumb size-gallery-pagina-thumb\" alt=\"\" \/><\/a>\n\t\t\t<\/div><\/figure><figure class='gallery-item'>\n\t\t\t<div class='gallery-icon landscape'>\n\t\t\t\t<a href='https:\/\/www.arizonabikehotel.com\/wp-content\/uploads\/2018\/07\/Gallery-Hotel-Arizona-Bike-Hotel-04-.jpg' data-size=\"900x645\"><img loading=\"lazy\" decoding=\"async\" width=\"720\" height=\"480\" src=\"https:\/\/www.arizonabikehotel.com\/wp-content\/uploads\/2018\/07\/Gallery-Hotel-Arizona-Bike-Hotel-04--720x480.jpg\" class=\"attachment-gallery-pagina-thumb size-gallery-pagina-thumb\" alt=\"\" \/><\/a>\n\t\t\t<\/div><\/figure>\n\t\t<\/div>\n\n<h3><a href=\"https:\/\/www.hotelarizona.com\/de\/\" target=\"_blank\" rel=\"noopener\">Das Hotel entdecken<\/a><\/h3>\n","protected":false},"excerpt":{"rendered":"<p>Der Strand liegt direkt vorm Hotel und wartet auf Sie f\u00fcr Ruhe und Enstpannung Hotel Arizona ist das Bike Hotel in Riccione und liegt direkt vorm Meer. Hier k\u00f6nnen Sie die Leidenschaft f\u00fcr das Fahrrad und die Entspannung auf dem Strande vereinen. Ob f\u00fcr einen Spaziergang am Morgen, wenn die Brise ein angenehmer frischer Hauch ist oder f\u00fcr ein Match Beachvolleyball oder f\u00fcr einen Tauch, beim Arizona Bike Hotel ist &#8230;<\/p>\n","protected":false},"author":1,"featured_media":0,"parent":0,"menu_order":0,"comment_status":"closed","ping_status":"closed","template":"","meta":{"_acf_changed":false},"class_list":["post-1190","page","type-page","status-publish","hentry"],"acf":[],"_links":{"self":[{"href":"https:\/\/www.arizonabikehotel.com\/de\/wp-json\/wp\/v2\/pages\/1190","targetHints":{"allow":["GET"]}}],"collection":[{"href":"https:\/\/www.arizonabikehotel.com\/de\/wp-json\/wp\/v2\/pages"}],"about":[{"href":"https:\/\/www.arizonabikehotel.com\/de\/wp-json\/wp\/v2\/types\/page"}],"author":[{"embeddable":true,"href":"https:\/\/www.arizonabikehotel.com\/de\/wp-json\/wp\/v2\/users\/1"}],"replies":[{"embeddable":true,"href":"https:\/\/www.arizonabikehotel.com\/de\/wp-json\/wp\/v2\/comments?post=1190"}],"version-history":[{"count":0,"href":"https:\/\/www.arizonabikehotel.com\/de\/wp-json\/wp\/v2\/pages\/1190\/revisions"}],"wp:attachment":[{"href":"https:\/\/www.arizonabikehotel.com\/de\/wp-json\/wp\/v2\/media?parent=1190"}],"curies":[{"name":"wp","href":"https:\/\/api.w.org\/{rel}","templated":true}]}}