{"id":1192,"date":"2018-07-04T10:11:02","date_gmt":"2018-07-04T08:11:02","guid":{"rendered":"https:\/\/www.arizonabikehotel.com\/bike-hotel-a-riccione\/"},"modified":"2018-09-24T15:03:29","modified_gmt":"2018-09-24T13:03:29","slug":"bike-hotel","status":"publish","type":"page","link":"https:\/\/www.arizonabikehotel.com\/de\/bike-hotel\/","title":{"rendered":"NICHT NUR FAHRRAD, SONDERN AUCH SCHWIMMBAD UND SHOPPING IN RICCIONE"},"content":{"rendered":"<h2>Ihr Urlaub im Bike Hotel Arizona<\/h2>\n<p>Das Arizona Bike Hotel mit Pool in Riccione, kann Ihnen ein <strong>entspanntes und unterhaltsames Erlebnis in der lebendigsten Stadt der Riviera<\/strong> bieten. Wenn Sie von ihrer Ausfahrt mit dem Fahrrad zur\u00fcckkehren, gibt es nichts Sch\u00f6neres als sich ein <strong>Bad im blauen Wasser des Pools<\/strong> zu g\u00f6nnen. Entspannen Sie Ihre Muskeln und Ihren K\u00f6rper, lassen Sie sich ganz im <strong>beheizten Whirlpool<\/strong> verw\u00f6hnen und g\u00f6nnen<strong> Sie sich eine wunderbare Wellness-Pause nach der sportlichen T\u00e4tigkeit.<\/strong><\/p>\n<p>M\u00f6chten Sie sich ein wenig auflockern und vielleicht <strong>einen schmeckhaften Aperitif trinken<\/strong>? Verlassen Sie sich einfach auf dem Hotelpersonal und in 10 Minuten sind Sie in <strong>Viale Ceccarini.<\/strong> Da gibt es sicherlich die besten <strong>Boutiquen<\/strong>, wo man einkaufen kann und es gibt so viel Auswahl zwischen <strong>Restaurants und einheimischen Glam f\u00fcrs Happy Hour<\/strong>. Vom <strong>Chiringuito am Strande<\/strong> bis zum Sushi, von der Piadina bis zum Aperitif.<\/p>\n<h3>Im Arizona Bike Hotel befinden Sie sich im Herzen von Riccione und Ihr Urlaub wird noch spezieller.<\/h3>\n<div id='gallery-1' class='gallery galleryid-1192 gallery-columns-3 gallery-size-gallery-pagina-thumb'><figure class='gallery-item'>\n\t\t\t<div class='gallery-icon landscape'>\n\t\t\t\t<a href='https:\/\/www.arizonabikehotel.com\/wp-content\/uploads\/2018\/07\/Gallery-Hotel-Arizona-Bike-Hotel-03-.jpg' data-size=\"900x645\"><img loading=\"lazy\" decoding=\"async\" width=\"720\" height=\"480\" src=\"https:\/\/www.arizonabikehotel.com\/wp-content\/uploads\/2018\/07\/Gallery-Hotel-Arizona-Bike-Hotel-03--720x480.jpg\" class=\"attachment-gallery-pagina-thumb size-gallery-pagina-thumb\" alt=\"\" \/><\/a>\n\t\t\t<\/div><\/figure><figure class='gallery-item'>\n\t\t\t<div class='gallery-icon landscape'>\n\t\t\t\t<a href='https:\/\/www.arizonabikehotel.com\/wp-content\/uploads\/2018\/07\/Gallery-Hotel-Arizona-Bike-Non-solo-Bike-03-.jpg' data-size=\"900x645\"><img loading=\"lazy\" decoding=\"async\" width=\"720\" height=\"480\" src=\"https:\/\/www.arizonabikehotel.com\/wp-content\/uploads\/2018\/07\/Gallery-Hotel-Arizona-Bike-Non-solo-Bike-03--720x480.jpg\" class=\"attachment-gallery-pagina-thumb size-gallery-pagina-thumb\" alt=\"\" \/><\/a>\n\t\t\t<\/div><\/figure><figure class='gallery-item'>\n\t\t\t<div class='gallery-icon landscape'>\n\t\t\t\t<a href='https:\/\/www.arizonabikehotel.com\/wp-content\/uploads\/2018\/07\/Gallery-Hotel-Arizona-Bike-Non-solo-Bike-02-.jpg' data-size=\"900x645\"><img loading=\"lazy\" decoding=\"async\" width=\"720\" height=\"480\" src=\"https:\/\/www.arizonabikehotel.com\/wp-content\/uploads\/2018\/07\/Gallery-Hotel-Arizona-Bike-Non-solo-Bike-02--720x480.jpg\" class=\"attachment-gallery-pagina-thumb size-gallery-pagina-thumb\" alt=\"\" \/><\/a>\n\t\t\t<\/div><\/figure><figure class='gallery-item'>\n\t\t\t<div class='gallery-icon landscape'>\n\t\t\t\t<a href='https:\/\/www.arizonabikehotel.com\/wp-content\/uploads\/2018\/07\/Gallery-Hotel-Arizona-Bike-Non-solo-Bike-01-.jpg' data-size=\"900x645\"><img loading=\"lazy\" decoding=\"async\" width=\"720\" height=\"480\" src=\"https:\/\/www.arizonabikehotel.com\/wp-content\/uploads\/2018\/07\/Gallery-Hotel-Arizona-Bike-Non-solo-Bike-01--720x480.jpg\" class=\"attachment-gallery-pagina-thumb size-gallery-pagina-thumb\" alt=\"\" \/><\/a>\n\t\t\t<\/div><\/figure>\n\t\t<\/div>\n\n","protected":false},"excerpt":{"rendered":"<p>Ihr Urlaub im Bike Hotel Arizona Das Arizona Bike Hotel mit Pool in Riccione, kann Ihnen ein entspanntes und unterhaltsames Erlebnis in der lebendigsten Stadt der Riviera bieten. Wenn Sie von ihrer Ausfahrt mit dem Fahrrad zur\u00fcckkehren, gibt es nichts Sch\u00f6neres als sich ein Bad im blauen Wasser des Pools zu g\u00f6nnen. Entspannen Sie Ihre Muskeln und Ihren K\u00f6rper, lassen Sie sich ganz im beheizten Whirlpool verw\u00f6hnen und g\u00f6nnen Sie &#8230;<\/p>\n","protected":false},"author":1,"featured_media":0,"parent":0,"menu_order":0,"comment_status":"closed","ping_status":"closed","template":"","meta":{"_acf_changed":false},"class_list":["post-1192","page","type-page","status-publish","hentry"],"acf":[],"_links":{"self":[{"href":"https:\/\/www.arizonabikehotel.com\/de\/wp-json\/wp\/v2\/pages\/1192","targetHints":{"allow":["GET"]}}],"collection":[{"href":"https:\/\/www.arizonabikehotel.com\/de\/wp-json\/wp\/v2\/pages"}],"about":[{"href":"https:\/\/www.arizonabikehotel.com\/de\/wp-json\/wp\/v2\/types\/page"}],"author":[{"embeddable":true,"href":"https:\/\/www.arizonabikehotel.com\/de\/wp-json\/wp\/v2\/users\/1"}],"replies":[{"embeddable":true,"href":"https:\/\/www.arizonabikehotel.com\/de\/wp-json\/wp\/v2\/comments?post=1192"}],"version-history":[{"count":0,"href":"https:\/\/www.arizonabikehotel.com\/de\/wp-json\/wp\/v2\/pages\/1192\/revisions"}],"wp:attachment":[{"href":"https:\/\/www.arizonabikehotel.com\/de\/wp-json\/wp\/v2\/media?parent=1192"}],"curies":[{"name":"wp","href":"https:\/\/api.w.org\/{rel}","templated":true}]}}