{"id":1215,"date":"2018-05-25T10:59:04","date_gmt":"2018-05-25T08:59:04","guid":{"rendered":"https:\/\/www.arizonabikehotel.com\/servizi-bike\/"},"modified":"2018-09-24T15:43:04","modified_gmt":"2018-09-24T13:43:04","slug":"services-bike","status":"publish","type":"page","link":"https:\/\/www.arizonabikehotel.com\/fr\/services-bike\/","title":{"rendered":"Votre Bike H\u00f4tel \u00e0 Riccione"},"content":{"rendered":"<h2>Services bike utiles pour un s\u00e9jour v\u00e9lo en s\u00e9curit\u00e9 m\u00eame loin de votre garage<\/h2>\n<p>Arizona, votre Bike H\u00f4tel \u00e0 Riccione, <strong>est organis\u00e9 pour accueillir votre v\u00e9lo et votre passion pour le cyclisme<\/strong>. Gravier, de course ou MTB? Seulement des <strong>services cibl\u00e9s et du personnel qualifi\u00e9<\/strong> pour vos vacances actives \u00e0 Riccione. De l&rsquo;alimentation aux services de chambre, du garage aux bike-tours organis\u00e9s pour chaque type de v\u00e9lo.<\/p>\n<h3>Alimentation<\/h3>\n<ul>\n<li>Le <strong>petit d\u00e9jeuner est flexible<\/strong> selon votre horaire et offre un <strong>apport calorique \u00e9quilibr\u00e9<\/strong><\/li>\n<li>Pour le d\u00e9jeuner et le d\u00eener le <strong>menu est \u00e9nergique et typique de la Romagne<\/strong><\/li>\n<li>Un <strong>buffet sucr\u00e9 et sal\u00e9<\/strong> assorti vous accueille apr\u00e8s l&rsquo;excursion<\/li>\n<\/ul>\n<h3>Services sp\u00e9cifiques<\/h3>\n<ul>\n<li>Les <strong>Bike manager<\/strong> de l&rsquo;H\u00f4tel Arizona sont votre r\u00e9f\u00e9rence pour chaque demande<\/li>\n<li><strong>Votre v\u00e9lo est conserv\u00e9<\/strong> dans le grand rangement pour <strong>v\u00e9lo vid\u00e9o-surveill\u00e9<\/strong><\/li>\n<li>Vous avez votre propre <strong>espace pour laver votre v\u00e9lo<\/strong><\/li>\n<li>Pour vous, le <strong>service de blanchisserie<\/strong> des v\u00eatements techniques est <strong>gratuit<\/strong><\/li>\n<li>Dans le garage, vous avez \u00e0 disposition des <strong>outils pour les petites r\u00e9parations<\/strong><\/li>\n<li>Vous avez un <strong>guide cycliste et des tours organis\u00e9s<\/strong> selon votre niveau d&rsquo;expertise<\/li>\n<li>Avec le <strong>service de r\u00e9cup\u00e9ration et sauvetage v\u00e9lo<\/strong> en tranquillit\u00e9<\/li>\n<\/ul>\n<h3>Relax apr\u00e8s entra\u00eenement<\/h3>\n<ul>\n<li>Vous pouvez vous offrir un <strong>massage sportif r\u00e9g\u00e9n\u00e9rant directement chez l&rsquo;h\u00f4tel<\/strong> (r\u00e9servation requise)<\/li>\n<li>Vous \u00eates tr\u00e8s proche \u00e0<strong> Riccione Terme pour relax, SPA et bien-\u00eatre<\/strong><\/li>\n<li>Au printemps, vous vous relaxerez dans la <strong>piscine chauff\u00e9e avec hydromassage<\/strong><\/li>\n<li>Dans <strong>votre chambre, vous pouvez utiliser votre jacuzzi priv\u00e9<\/strong> et profiter d&rsquo;une vue sur la mer inestimable<\/li>\n<\/ul>\n","protected":false},"excerpt":{"rendered":"<p>Services bike utiles pour un s\u00e9jour v\u00e9lo en s\u00e9curit\u00e9 m\u00eame loin de votre garage Arizona, votre Bike H\u00f4tel \u00e0 Riccione, est organis\u00e9 pour accueillir votre v\u00e9lo et votre passion pour le cyclisme. Gravier, de course ou MTB? Seulement des services cibl\u00e9s et du personnel qualifi\u00e9 pour vos vacances actives \u00e0 Riccione. De l&rsquo;alimentation aux services de chambre, du garage aux bike-tours organis\u00e9s pour chaque type de v\u00e9lo. Alimentation Le petit &#8230;<\/p>\n","protected":false},"author":1,"featured_media":0,"parent":0,"menu_order":0,"comment_status":"closed","ping_status":"closed","template":"","meta":{"_acf_changed":false},"class_list":["post-1215","page","type-page","status-publish","hentry"],"acf":[],"_links":{"self":[{"href":"https:\/\/www.arizonabikehotel.com\/fr\/wp-json\/wp\/v2\/pages\/1215","targetHints":{"allow":["GET"]}}],"collection":[{"href":"https:\/\/www.arizonabikehotel.com\/fr\/wp-json\/wp\/v2\/pages"}],"about":[{"href":"https:\/\/www.arizonabikehotel.com\/fr\/wp-json\/wp\/v2\/types\/page"}],"author":[{"embeddable":true,"href":"https:\/\/www.arizonabikehotel.com\/fr\/wp-json\/wp\/v2\/users\/1"}],"replies":[{"embeddable":true,"href":"https:\/\/www.arizonabikehotel.com\/fr\/wp-json\/wp\/v2\/comments?post=1215"}],"version-history":[{"count":0,"href":"https:\/\/www.arizonabikehotel.com\/fr\/wp-json\/wp\/v2\/pages\/1215\/revisions"}],"wp:attachment":[{"href":"https:\/\/www.arizonabikehotel.com\/fr\/wp-json\/wp\/v2\/media?parent=1215"}],"curies":[{"name":"wp","href":"https:\/\/api.w.org\/{rel}","templated":true}]}}