{"id":1219,"date":"2018-05-25T10:58:53","date_gmt":"2018-05-25T08:58:53","guid":{"rendered":"https:\/\/www.arizonabikehotel.com\/percorsi\/"},"modified":"2018-09-27T09:48:35","modified_gmt":"2018-09-27T07:48:35","slug":"tours-et-itineraires","status":"publish","type":"page","link":"https:\/\/www.arizonabikehotel.com\/fr\/tours-et-itineraires\/","title":{"rendered":"Tours et itin\u00e9raires"},"content":{"rendered":"<h2>De Riccione pour d\u00e9couvrir l&rsquo;arri\u00e8re-pays sur road bike, MTB et gravier<\/h2>\n<p>Pour faire votre exp\u00e9rience de v\u00e9lo en Romagne encore plus excitante, l&rsquo;Arizona Bike H\u00f4tel vous offre <strong>une gamme de itin\u00e9raires adapt\u00e9s \u00e0 tout type de v\u00e9lo<\/strong>: <strong>Road Bike, Mountain Bike, Gravier<\/strong>.<\/p>\n<p>Tous les bike tours sont <strong>organis\u00e9s par des guides experts<\/strong> et structur\u00e9s selon <strong>trois niveaux de pr\u00e9paration diff\u00e9rents<\/strong>. Le chemin <strong>facile<\/strong> pour les d\u00e9butants, le chemin <strong>m\u00e9dium<\/strong> pour le niveau interm\u00e9diaire, le chemin <strong>difficile<\/strong> pour les plus entrains.<\/p>\n","protected":false},"excerpt":{"rendered":"<p>De Riccione pour d\u00e9couvrir l&rsquo;arri\u00e8re-pays sur road bike, MTB et gravier Pour faire votre exp\u00e9rience de v\u00e9lo en Romagne encore plus excitante, l&rsquo;Arizona Bike H\u00f4tel vous offre une gamme de itin\u00e9raires adapt\u00e9s \u00e0 tout type de v\u00e9lo: Road Bike, Mountain Bike, Gravier. Tous les bike tours sont organis\u00e9s par des guides experts et structur\u00e9s selon trois niveaux de pr\u00e9paration diff\u00e9rents. Le chemin facile pour les d\u00e9butants, le chemin m\u00e9dium pour &#8230;<\/p>\n","protected":false},"author":1,"featured_media":0,"parent":0,"menu_order":0,"comment_status":"closed","ping_status":"closed","template":"template\/template.percorsi.php","meta":{"_acf_changed":false},"class_list":["post-1219","page","type-page","status-publish","hentry"],"acf":[],"_links":{"self":[{"href":"https:\/\/www.arizonabikehotel.com\/fr\/wp-json\/wp\/v2\/pages\/1219","targetHints":{"allow":["GET"]}}],"collection":[{"href":"https:\/\/www.arizonabikehotel.com\/fr\/wp-json\/wp\/v2\/pages"}],"about":[{"href":"https:\/\/www.arizonabikehotel.com\/fr\/wp-json\/wp\/v2\/types\/page"}],"author":[{"embeddable":true,"href":"https:\/\/www.arizonabikehotel.com\/fr\/wp-json\/wp\/v2\/users\/1"}],"replies":[{"embeddable":true,"href":"https:\/\/www.arizonabikehotel.com\/fr\/wp-json\/wp\/v2\/comments?post=1219"}],"version-history":[{"count":0,"href":"https:\/\/www.arizonabikehotel.com\/fr\/wp-json\/wp\/v2\/pages\/1219\/revisions"}],"wp:attachment":[{"href":"https:\/\/www.arizonabikehotel.com\/fr\/wp-json\/wp\/v2\/media?parent=1219"}],"curies":[{"name":"wp","href":"https:\/\/api.w.org\/{rel}","templated":true}]}}