{"id":1227,"date":"2018-06-28T16:06:36","date_gmt":"2018-06-28T14:06:36","guid":{"rendered":"https:\/\/www.arizonabikehotel.com\/bike-manager\/"},"modified":"2018-09-24T15:21:17","modified_gmt":"2018-09-24T13:21:17","slug":"bike-manager","status":"publish","type":"page","link":"https:\/\/www.arizonabikehotel.com\/fr\/bike-manager\/","title":{"rendered":"Bike Manager"},"content":{"rendered":"<h3>R\u00e9f\u00e9rents experts pour vos vacances \u00e0 v\u00e9lo \u00e0 Riccione<\/h3>\n<p>Chez l&rsquo;Arizona Bike H\u00f4tel un <strong>personnel<\/strong> tout-f\u00e9minin vous attend pour <strong>des conseils utiles<\/strong> pendant <strong>vos vacances bike \u00e0 Riccione<\/strong>. Consuelo, Lina et Dora, coordonnent toutes les activit\u00e9s de v\u00e9lo dans l&rsquo;h\u00f4tel, personnellement prendre soin de l&rsquo;accueil et toujours planifient de nouvelles itin\u00e9raires.<\/p>\n<div id='gallery-1' class='gallery galleryid-1227 gallery-columns-3 gallery-size-gallery-pagina-thumb'><figure class='gallery-item'>\n\t\t\t<div class='gallery-icon landscape'>\n\t\t\t\t<a href='https:\/\/www.arizonabikehotel.com\/wp-content\/uploads\/2018\/06\/Gallery-Hotel-Arizona-Bike-Manager-01-.jpg' data-size=\"900x645\"><img loading=\"lazy\" decoding=\"async\" width=\"720\" height=\"480\" src=\"https:\/\/www.arizonabikehotel.com\/wp-content\/uploads\/2018\/06\/Gallery-Hotel-Arizona-Bike-Manager-01--720x480.jpg\" class=\"attachment-gallery-pagina-thumb size-gallery-pagina-thumb\" alt=\"\" \/><\/a>\n\t\t\t<\/div><\/figure><figure class='gallery-item'>\n\t\t\t<div class='gallery-icon landscape'>\n\t\t\t\t<a href='https:\/\/www.arizonabikehotel.com\/wp-content\/uploads\/2018\/06\/Gallery-Hotel-Arizona-Bike-Manager-03-.jpg' data-size=\"900x645\"><img loading=\"lazy\" decoding=\"async\" width=\"720\" height=\"480\" src=\"https:\/\/www.arizonabikehotel.com\/wp-content\/uploads\/2018\/06\/Gallery-Hotel-Arizona-Bike-Manager-03--720x480.jpg\" class=\"attachment-gallery-pagina-thumb size-gallery-pagina-thumb\" alt=\"\" \/><\/a>\n\t\t\t<\/div><\/figure><figure class='gallery-item'>\n\t\t\t<div class='gallery-icon landscape'>\n\t\t\t\t<a href='https:\/\/www.arizonabikehotel.com\/wp-content\/uploads\/2018\/06\/Gallery-Hotel-Arizona-Bike-Manager-02-.jpg' data-size=\"900x645\"><img loading=\"lazy\" decoding=\"async\" width=\"720\" height=\"480\" src=\"https:\/\/www.arizonabikehotel.com\/wp-content\/uploads\/2018\/06\/Gallery-Hotel-Arizona-Bike-Manager-02--720x480.jpg\" class=\"attachment-gallery-pagina-thumb size-gallery-pagina-thumb\" alt=\"\" \/><\/a>\n\t\t\t<\/div><\/figure><figure class='gallery-item'>\n\t\t\t<div class='gallery-icon landscape'>\n\t\t\t\t<a href='https:\/\/www.arizonabikehotel.com\/wp-content\/uploads\/2018\/08\/Gallery-Hotel-Arizona-Bike-Manager-04-.jpg' data-size=\"900x645\"><img loading=\"lazy\" decoding=\"async\" width=\"720\" height=\"480\" src=\"https:\/\/www.arizonabikehotel.com\/wp-content\/uploads\/2018\/08\/Gallery-Hotel-Arizona-Bike-Manager-04--720x480.jpg\" class=\"attachment-gallery-pagina-thumb size-gallery-pagina-thumb\" alt=\"\" \/><\/a>\n\t\t\t<\/div><\/figure>\n\t\t<\/div>\n\n<p><strong>Tr\u00e8s passionn\u00e9es de sports<\/strong>, sont vos r\u00e9f\u00e9rents pendant les vacances et chaque jour rendent vos vacances en v\u00e9lo sans pens\u00e9es. Consuelo, Lina et Dora sont le c\u0153ur palpitant de l&rsquo;Arizona Bike H\u00f4tel et <strong>connaissent parfaitement tous les besoins des touristes cyclistes<\/strong>. Elles, avec les <strong>guides de v\u00e9lo<\/strong>, choisissent pour vous les meilleurs magasins Bike pour louer l&rsquo;\u00e9quipement et pour le support technique.<\/p>\n","protected":false},"excerpt":{"rendered":"<p>R\u00e9f\u00e9rents experts pour vos vacances \u00e0 v\u00e9lo \u00e0 Riccione Chez l&rsquo;Arizona Bike H\u00f4tel un personnel tout-f\u00e9minin vous attend pour des conseils utiles pendant vos vacances bike \u00e0 Riccione. Consuelo, Lina et Dora, coordonnent toutes les activit\u00e9s de v\u00e9lo dans l&rsquo;h\u00f4tel, personnellement prendre soin de l&rsquo;accueil et toujours planifient de nouvelles itin\u00e9raires. Tr\u00e8s passionn\u00e9es de sports, sont vos r\u00e9f\u00e9rents pendant les vacances et chaque jour rendent vos vacances en v\u00e9lo sans &#8230;<\/p>\n","protected":false},"author":1,"featured_media":0,"parent":0,"menu_order":0,"comment_status":"closed","ping_status":"closed","template":"","meta":{"_acf_changed":false},"class_list":["post-1227","page","type-page","status-publish","hentry"],"acf":[],"_links":{"self":[{"href":"https:\/\/www.arizonabikehotel.com\/fr\/wp-json\/wp\/v2\/pages\/1227","targetHints":{"allow":["GET"]}}],"collection":[{"href":"https:\/\/www.arizonabikehotel.com\/fr\/wp-json\/wp\/v2\/pages"}],"about":[{"href":"https:\/\/www.arizonabikehotel.com\/fr\/wp-json\/wp\/v2\/types\/page"}],"author":[{"embeddable":true,"href":"https:\/\/www.arizonabikehotel.com\/fr\/wp-json\/wp\/v2\/users\/1"}],"replies":[{"embeddable":true,"href":"https:\/\/www.arizonabikehotel.com\/fr\/wp-json\/wp\/v2\/comments?post=1227"}],"version-history":[{"count":0,"href":"https:\/\/www.arizonabikehotel.com\/fr\/wp-json\/wp\/v2\/pages\/1227\/revisions"}],"wp:attachment":[{"href":"https:\/\/www.arizonabikehotel.com\/fr\/wp-json\/wp\/v2\/media?parent=1227"}],"curies":[{"name":"wp","href":"https:\/\/api.w.org\/{rel}","templated":true}]}}