{"id":1231,"date":"2018-06-29T11:18:15","date_gmt":"2018-06-29T09:18:15","guid":{"rendered":"https:\/\/www.arizonabikehotel.com\/noleggio-bike\/"},"modified":"2018-09-24T15:11:25","modified_gmt":"2018-09-24T13:11:25","slug":"location","status":"publish","type":"page","link":"https:\/\/www.arizonabikehotel.com\/fr\/location\/","title":{"rendered":"Location Bike"},"content":{"rendered":"<h2>Choisissez et louez votre v\u00e9lo directement en vacances \u00e0 Riccione<\/h2>\n<p>L&rsquo;Arizona Bike H\u00f4tel offre un <strong>accord sp\u00e9cial avec les meilleurs magasins sp\u00e9cialis\u00e9s<\/strong> de la ville de Riccione et donne la <strong>possibilit\u00e9 de louer<\/strong> autant le<strong> v\u00e9lo appropri\u00e9<\/strong> pour vous que l<strong>&lsquo;\u00e9quipement n\u00e9cessaire<\/strong> pour vos itin\u00e9raires \u00e0 v\u00e9lo.<\/p>\n<h3>Choisissez non seulement la dimension parfaite pour vous, mais \u00e9galement le mod\u00e8le de Bike.<\/h3>\n<ul>\n<li>\u00cates-vous pour la <strong>Road Bike<\/strong>?<\/li>\n<li>Aimez-vous la <strong>salet\u00e9<\/strong>?<\/li>\n<li>Ou rejoindrez-vous le ph\u00e9nom\u00e8ne de <strong>gravier<\/strong>?<\/li>\n<\/ul>\n<p><strong>\u00c0 l&rsquo;Arizona Bike H\u00f4tel<\/strong> vous n&rsquo;avez pas le probl\u00e8me d&rsquo;avoir \u00e0 transporter votre v\u00e9lo parce que <strong>vous trouvez votre v\u00e9lo id\u00e9al<\/strong> m\u00eame loin de la maison. P\u00e9dales, v\u00eatements techniques, casque et accessoires: voyagez l\u00e9g\u00e8res, \u00e0 l&rsquo;H\u00f4tel Arizona \u00e0 Riccione, vous trouverez tout ce dont vous avez besoin pour une exp\u00e9rience 100% m\u00e9morable.<\/p>\n","protected":false},"excerpt":{"rendered":"<p>Choisissez et louez votre v\u00e9lo directement en vacances \u00e0 Riccione L&rsquo;Arizona Bike H\u00f4tel offre un accord sp\u00e9cial avec les meilleurs magasins sp\u00e9cialis\u00e9s de la ville de Riccione et donne la possibilit\u00e9 de louer autant le v\u00e9lo appropri\u00e9 pour vous que l&lsquo;\u00e9quipement n\u00e9cessaire pour vos itin\u00e9raires \u00e0 v\u00e9lo. Choisissez non seulement la dimension parfaite pour vous, mais \u00e9galement le mod\u00e8le de Bike. \u00cates-vous pour la Road Bike? Aimez-vous la salet\u00e9? Ou &#8230;<\/p>\n","protected":false},"author":1,"featured_media":0,"parent":0,"menu_order":0,"comment_status":"closed","ping_status":"closed","template":"","meta":{"_acf_changed":false},"class_list":["post-1231","page","type-page","status-publish","hentry"],"acf":[],"_links":{"self":[{"href":"https:\/\/www.arizonabikehotel.com\/fr\/wp-json\/wp\/v2\/pages\/1231","targetHints":{"allow":["GET"]}}],"collection":[{"href":"https:\/\/www.arizonabikehotel.com\/fr\/wp-json\/wp\/v2\/pages"}],"about":[{"href":"https:\/\/www.arizonabikehotel.com\/fr\/wp-json\/wp\/v2\/types\/page"}],"author":[{"embeddable":true,"href":"https:\/\/www.arizonabikehotel.com\/fr\/wp-json\/wp\/v2\/users\/1"}],"replies":[{"embeddable":true,"href":"https:\/\/www.arizonabikehotel.com\/fr\/wp-json\/wp\/v2\/comments?post=1231"}],"version-history":[{"count":0,"href":"https:\/\/www.arizonabikehotel.com\/fr\/wp-json\/wp\/v2\/pages\/1231\/revisions"}],"wp:attachment":[{"href":"https:\/\/www.arizonabikehotel.com\/fr\/wp-json\/wp\/v2\/media?parent=1231"}],"curies":[{"name":"wp","href":"https:\/\/api.w.org\/{rel}","templated":true}]}}