{"id":1233,"date":"2016-12-23T11:10:32","date_gmt":"2016-12-23T10:10:32","guid":{"rendered":"https:\/\/www.arizonabikehotel.com\/offerte\/"},"modified":"2018-09-21T18:29:56","modified_gmt":"2018-09-21T16:29:56","slug":"offres","status":"publish","type":"page","link":"https:\/\/www.arizonabikehotel.com\/fr\/offres\/","title":{"rendered":"Offres bike"},"content":{"rendered":"<h2>Paquets sp\u00e9ciaux con\u00e7us pour le v\u00e9lo<\/h2>\n<p>Riccione est souvent le foyer d&rsquo;\u00e9v\u00e9nements sportifs et de comp\u00e9titions de cyclisme.<\/p>\n<p>A l&rsquo;occasion de ces \u00e9v\u00e9nements, et pas seulement, l&rsquo;Arizona Bike H\u00f4tel pr\u00e9pare des offres sp\u00e9ciales pour les cyclistes qui choisissent la Romagne comme destination de leurs vacances ou des comp\u00e9titions.<\/p>\n<p>De l&rsquo;offre Nove Colli \u00e0 l&rsquo;offre pour la Gran Fondo degli squali, ici vous trouverez toujours la bonne occasion.<\/p>\n<p>Voulez-vous essayer une exp\u00e9rience 100% bike?<\/p>\n<p>Choisissez entre le paquet <strong>Bike &amp; Tour<\/strong> (s\u00e9jour + services bike + guide expert et gadgets de bienvenue) ou<strong> Bike &amp; Free<\/strong> (s\u00e9jour + services bike en toute autonomie).<\/p>\n","protected":false},"excerpt":{"rendered":"<p>Paquets sp\u00e9ciaux con\u00e7us pour le v\u00e9lo Riccione est souvent le foyer d&rsquo;\u00e9v\u00e9nements sportifs et de comp\u00e9titions de cyclisme. A l&rsquo;occasion de ces \u00e9v\u00e9nements, et pas seulement, l&rsquo;Arizona Bike H\u00f4tel pr\u00e9pare des offres sp\u00e9ciales pour les cyclistes qui choisissent la Romagne comme destination de leurs vacances ou des comp\u00e9titions. De l&rsquo;offre Nove Colli \u00e0 l&rsquo;offre pour la Gran Fondo degli squali, ici vous trouverez toujours la bonne occasion. Voulez-vous essayer une &#8230;<\/p>\n","protected":false},"author":1,"featured_media":0,"parent":0,"menu_order":0,"comment_status":"closed","ping_status":"closed","template":"template\/template.offerte.php","meta":{"_acf_changed":false},"class_list":["post-1233","page","type-page","status-publish","hentry"],"acf":[],"_links":{"self":[{"href":"https:\/\/www.arizonabikehotel.com\/fr\/wp-json\/wp\/v2\/pages\/1233","targetHints":{"allow":["GET"]}}],"collection":[{"href":"https:\/\/www.arizonabikehotel.com\/fr\/wp-json\/wp\/v2\/pages"}],"about":[{"href":"https:\/\/www.arizonabikehotel.com\/fr\/wp-json\/wp\/v2\/types\/page"}],"author":[{"embeddable":true,"href":"https:\/\/www.arizonabikehotel.com\/fr\/wp-json\/wp\/v2\/users\/1"}],"replies":[{"embeddable":true,"href":"https:\/\/www.arizonabikehotel.com\/fr\/wp-json\/wp\/v2\/comments?post=1233"}],"version-history":[{"count":0,"href":"https:\/\/www.arizonabikehotel.com\/fr\/wp-json\/wp\/v2\/pages\/1233\/revisions"}],"wp:attachment":[{"href":"https:\/\/www.arizonabikehotel.com\/fr\/wp-json\/wp\/v2\/media?parent=1233"}],"curies":[{"name":"wp","href":"https:\/\/api.w.org\/{rel}","templated":true}]}}