{"id":1235,"date":"2018-05-25T10:58:42","date_gmt":"2018-05-25T08:58:42","guid":{"rendered":"https:\/\/www.arizonabikehotel.com\/territorio\/"},"modified":"2018-09-24T16:28:43","modified_gmt":"2018-09-24T14:28:43","slug":"territoire","status":"publish","type":"page","link":"https:\/\/www.arizonabikehotel.com\/fr\/territoire\/","title":{"rendered":"Le territoire de Riccione"},"content":{"rendered":"<h2>De la c\u00f4te, \u00e0 la colline, aux Apennins. Le paysage change pendant que vous p\u00e9dalez<\/h2>\n<p>Riccione a un <strong>arri\u00e8re-pays qui offre des routes id\u00e9ales pour aller en v\u00e9lo<\/strong>. Un paysage changeant enl\u00e8ve de tant de mani\u00e8res diff\u00e9rentes. De la Riviera Adriatique avec ses <strong>douces plages<\/strong> dor\u00e9es, \u00e0 la <strong>plaine verte<\/strong>, aux <strong>collines du Val Marecchia et Montefeltro<\/strong> pr\u00eat de l\u2019<strong>Appennino Tosco-Emiliano<\/strong>.<\/p>\n<h3>Non seulement des paysages, mais aussi beaucoup de culture et d&rsquo;histoire<\/h3>\n<div id='gallery-1' class='gallery galleryid-1235 gallery-columns-3 gallery-size-gallery-pagina-thumb'><figure class='gallery-item'>\n\t\t\t<div class='gallery-icon landscape'>\n\t\t\t\t<a href='https:\/\/www.arizonabikehotel.com\/wp-content\/uploads\/2018\/06\/Gallery-Hotel-Arizona-Bike-Territorio-02-.jpg' data-size=\"900x645\"><img loading=\"lazy\" decoding=\"async\" width=\"720\" height=\"480\" src=\"https:\/\/www.arizonabikehotel.com\/wp-content\/uploads\/2018\/06\/Gallery-Hotel-Arizona-Bike-Territorio-02--720x480.jpg\" class=\"attachment-gallery-pagina-thumb size-gallery-pagina-thumb\" alt=\"\" \/><\/a>\n\t\t\t<\/div><\/figure><figure class='gallery-item'>\n\t\t\t<div class='gallery-icon landscape'>\n\t\t\t\t<a href='https:\/\/www.arizonabikehotel.com\/wp-content\/uploads\/2018\/06\/Gallery-Hotel-Arizona-Bike-Territorio-03-.jpg' data-size=\"900x645\"><img loading=\"lazy\" decoding=\"async\" width=\"720\" height=\"480\" src=\"https:\/\/www.arizonabikehotel.com\/wp-content\/uploads\/2018\/06\/Gallery-Hotel-Arizona-Bike-Territorio-03--720x480.jpg\" class=\"attachment-gallery-pagina-thumb size-gallery-pagina-thumb\" alt=\"\" \/><\/a>\n\t\t\t<\/div><\/figure><figure class='gallery-item'>\n\t\t\t<div class='gallery-icon landscape'>\n\t\t\t\t<a href='https:\/\/www.arizonabikehotel.com\/wp-content\/uploads\/2018\/06\/Gallery-Hotel-Arizona-Bike-Territorio-05-.jpg' data-size=\"900x645\"><img loading=\"lazy\" decoding=\"async\" width=\"720\" height=\"480\" src=\"https:\/\/www.arizonabikehotel.com\/wp-content\/uploads\/2018\/06\/Gallery-Hotel-Arizona-Bike-Territorio-05--720x480.jpg\" class=\"attachment-gallery-pagina-thumb size-gallery-pagina-thumb\" alt=\"\" \/><\/a>\n\t\t\t<\/div><\/figure><figure class='gallery-item'>\n\t\t\t<div class='gallery-icon landscape'>\n\t\t\t\t<a href='https:\/\/www.arizonabikehotel.com\/wp-content\/uploads\/2018\/08\/Gallery-Hotel-Arizona-Bike-Territorio-06-.jpg' data-size=\"900x645\"><img loading=\"lazy\" decoding=\"async\" width=\"720\" height=\"480\" src=\"https:\/\/www.arizonabikehotel.com\/wp-content\/uploads\/2018\/08\/Gallery-Hotel-Arizona-Bike-Territorio-06--720x480.jpg\" class=\"attachment-gallery-pagina-thumb size-gallery-pagina-thumb\" alt=\"\" \/><\/a>\n\t\t\t<\/div><\/figure><figure class='gallery-item'>\n\t\t\t<div class='gallery-icon landscape'>\n\t\t\t\t<a href='https:\/\/www.arizonabikehotel.com\/wp-content\/uploads\/2018\/08\/Gallery-Hotel-Arizona-Bike-Territorio-07-.jpg' data-size=\"900x645\"><img loading=\"lazy\" decoding=\"async\" width=\"720\" height=\"480\" src=\"https:\/\/www.arizonabikehotel.com\/wp-content\/uploads\/2018\/08\/Gallery-Hotel-Arizona-Bike-Territorio-07--720x480.jpg\" class=\"attachment-gallery-pagina-thumb size-gallery-pagina-thumb\" alt=\"\" \/><\/a>\n\t\t\t<\/div><\/figure><figure class='gallery-item'>\n\t\t\t<div class='gallery-icon landscape'>\n\t\t\t\t<a href='https:\/\/www.arizonabikehotel.com\/wp-content\/uploads\/2018\/08\/Gallery-Hotel-Arizona-Bike-Territorio-08-.jpg' data-size=\"900x645\"><img loading=\"lazy\" decoding=\"async\" width=\"720\" height=\"480\" src=\"https:\/\/www.arizonabikehotel.com\/wp-content\/uploads\/2018\/08\/Gallery-Hotel-Arizona-Bike-Territorio-08--720x480.jpg\" class=\"attachment-gallery-pagina-thumb size-gallery-pagina-thumb\" alt=\"\" \/><\/a>\n\t\t\t<\/div><\/figure><figure class='gallery-item'>\n\t\t\t<div class='gallery-icon landscape'>\n\t\t\t\t<a href='https:\/\/www.arizonabikehotel.com\/wp-content\/uploads\/2018\/06\/Gallery-Hotel-Arizona-Bike-Territorio-01-.jpg' data-size=\"900x645\"><img loading=\"lazy\" decoding=\"async\" width=\"720\" height=\"480\" src=\"https:\/\/www.arizonabikehotel.com\/wp-content\/uploads\/2018\/06\/Gallery-Hotel-Arizona-Bike-Territorio-01--720x480.jpg\" class=\"attachment-gallery-pagina-thumb size-gallery-pagina-thumb\" alt=\"\" \/><\/a>\n\t\t\t<\/div><\/figure>\n\t\t<\/div>\n\n<p>La Romagne (en collaboration avec le Nord de Marche) a toujours \u00e9t\u00e9 le foyer de <strong>villages anciens et de villes d&rsquo;art<\/strong>. Imaginez la beaut\u00e9 de passer de ch\u00e2teau en ch\u00e2teau \u00e0 un rythme lent (ou rapide, la tendance que vous d\u00e9cidez) en v\u00e9lo. Un rythme qui respecte la nature et vous permet de profiter pleinement des paysages qui apparaissent devant vous. De la vall\u00e9e con\u00e7ue par la rivi\u00e8re Marecchia avec les demeures di<strong> Verucchio \u00e0 San Leo, le ch\u00e2teau Gradara<\/strong> th\u00e9\u00e2tre de l&rsquo;amour tragique entre Paolo et Francesca. Jusqu\u2019\u00e0 <strong>Urbino<\/strong>, un joyau de l&rsquo;\u00e9poque de la Renaissance italienne. Chaque petit village est un joyau de l&rsquo;histoire et n&rsquo;attend qu&rsquo;\u00e0 \u00eatre d\u00e9couvert par vous.<\/p>\n","protected":false},"excerpt":{"rendered":"<p>De la c\u00f4te, \u00e0 la colline, aux Apennins. Le paysage change pendant que vous p\u00e9dalez Riccione a un arri\u00e8re-pays qui offre des routes id\u00e9ales pour aller en v\u00e9lo. Un paysage changeant enl\u00e8ve de tant de mani\u00e8res diff\u00e9rentes. De la Riviera Adriatique avec ses douces plages dor\u00e9es, \u00e0 la plaine verte, aux collines du Val Marecchia et Montefeltro pr\u00eat de l\u2019Appennino Tosco-Emiliano. Non seulement des paysages, mais aussi beaucoup de culture &#8230;<\/p>\n","protected":false},"author":1,"featured_media":0,"parent":0,"menu_order":0,"comment_status":"closed","ping_status":"closed","template":"","meta":{"_acf_changed":false},"class_list":["post-1235","page","type-page","status-publish","hentry"],"acf":[],"_links":{"self":[{"href":"https:\/\/www.arizonabikehotel.com\/fr\/wp-json\/wp\/v2\/pages\/1235","targetHints":{"allow":["GET"]}}],"collection":[{"href":"https:\/\/www.arizonabikehotel.com\/fr\/wp-json\/wp\/v2\/pages"}],"about":[{"href":"https:\/\/www.arizonabikehotel.com\/fr\/wp-json\/wp\/v2\/types\/page"}],"author":[{"embeddable":true,"href":"https:\/\/www.arizonabikehotel.com\/fr\/wp-json\/wp\/v2\/users\/1"}],"replies":[{"embeddable":true,"href":"https:\/\/www.arizonabikehotel.com\/fr\/wp-json\/wp\/v2\/comments?post=1235"}],"version-history":[{"count":0,"href":"https:\/\/www.arizonabikehotel.com\/fr\/wp-json\/wp\/v2\/pages\/1235\/revisions"}],"wp:attachment":[{"href":"https:\/\/www.arizonabikehotel.com\/fr\/wp-json\/wp\/v2\/media?parent=1235"}],"curies":[{"name":"wp","href":"https:\/\/api.w.org\/{rel}","templated":true}]}}