{"id":1239,"date":"2018-07-03T15:10:12","date_gmt":"2018-07-03T13:10:12","guid":{"rendered":"https:\/\/www.arizonabikehotel.com\/bike-hotel\/"},"modified":"2018-09-24T14:38:37","modified_gmt":"2018-09-24T12:38:37","slug":"hotels-a-la-pointe","status":"publish","type":"page","link":"https:\/\/www.arizonabikehotel.com\/fr\/hotels-a-la-pointe\/","title":{"rendered":"L&rsquo;h\u00f4tel bike \u00e0 la pointe sur la mer \u00e0 Riccione"},"content":{"rendered":"<h2>La plage est juste devant vous et attend vos moments de d\u00e9tente<\/h2>\n<p><strong>L&rsquo;Arizona est le Bike<\/strong> H\u00f4tel de Riccione <strong>\u00e0 la pointe sur la mer<\/strong>. Voici come avoir <strong>passion pour le v\u00e9lo et de se d\u00e9tendre sur le sable<\/strong>. Que ce soit pour une promenade le matin quand la brise est une agr\u00e9able haleine fra\u00eeche, que ce soit pour une partie de beach volley ou pour un plongeon dans les vagues, la mer fait vraiment partie de vos vacances \u00e0 l&rsquo;Arizona Bike H\u00f4tel.<\/p>\n<p>Vous \u00eates dans une <strong>position privil\u00e9gi\u00e9e<\/strong> pour vivre la plage de la Rivi\u00e8re Romagnole dans toutes ses nuances. <strong>Animations pour enfants, sports de plage et bain de soleil<\/strong> entre lit et parasol. Si vous \u00eates \u00e0 la recherche d&rsquo;un H\u00f4tel \u00e0 la pointe sur la mer \u00e0 Riccione qui sait comment prendre soin de votre amour pour le v\u00e9lo et le cyclisme&#8230; Vos vacances sont \u00e0 l\u2019Arizona!<\/p>\n<div id='gallery-1' class='gallery galleryid-1239 gallery-columns-3 gallery-size-gallery-pagina-thumb'><figure class='gallery-item'>\n\t\t\t<div class='gallery-icon landscape'>\n\t\t\t\t<a href='https:\/\/www.arizonabikehotel.com\/wp-content\/uploads\/2018\/07\/Gallery-Hotel-Arizona-Bike-Hotel-01-.jpg' data-size=\"900x645\"><img loading=\"lazy\" decoding=\"async\" width=\"720\" height=\"480\" src=\"https:\/\/www.arizonabikehotel.com\/wp-content\/uploads\/2018\/07\/Gallery-Hotel-Arizona-Bike-Hotel-01--720x480.jpg\" class=\"attachment-gallery-pagina-thumb size-gallery-pagina-thumb\" alt=\"\" \/><\/a>\n\t\t\t<\/div><\/figure><figure class='gallery-item'>\n\t\t\t<div class='gallery-icon landscape'>\n\t\t\t\t<a href='https:\/\/www.arizonabikehotel.com\/wp-content\/uploads\/2018\/07\/Gallery-Hotel-Arizona-Bike-Hotel-03-.jpg' data-size=\"900x645\"><img loading=\"lazy\" decoding=\"async\" width=\"720\" height=\"480\" src=\"https:\/\/www.arizonabikehotel.com\/wp-content\/uploads\/2018\/07\/Gallery-Hotel-Arizona-Bike-Hotel-03--720x480.jpg\" class=\"attachment-gallery-pagina-thumb size-gallery-pagina-thumb\" alt=\"\" \/><\/a>\n\t\t\t<\/div><\/figure><figure class='gallery-item'>\n\t\t\t<div class='gallery-icon landscape'>\n\t\t\t\t<a href='https:\/\/www.arizonabikehotel.com\/wp-content\/uploads\/2018\/07\/Gallery-Hotel-Arizona-Bike-Hotel-02-.jpg' data-size=\"900x645\"><img loading=\"lazy\" decoding=\"async\" width=\"720\" height=\"480\" src=\"https:\/\/www.arizonabikehotel.com\/wp-content\/uploads\/2018\/07\/Gallery-Hotel-Arizona-Bike-Hotel-02--720x480.jpg\" class=\"attachment-gallery-pagina-thumb size-gallery-pagina-thumb\" alt=\"\" \/><\/a>\n\t\t\t<\/div><\/figure><figure class='gallery-item'>\n\t\t\t<div class='gallery-icon landscape'>\n\t\t\t\t<a href='https:\/\/www.arizonabikehotel.com\/wp-content\/uploads\/2018\/07\/Gallery-Hotel-Arizona-Bike-Hotel-04-.jpg' data-size=\"900x645\"><img loading=\"lazy\" decoding=\"async\" width=\"720\" height=\"480\" src=\"https:\/\/www.arizonabikehotel.com\/wp-content\/uploads\/2018\/07\/Gallery-Hotel-Arizona-Bike-Hotel-04--720x480.jpg\" class=\"attachment-gallery-pagina-thumb size-gallery-pagina-thumb\" alt=\"\" \/><\/a>\n\t\t\t<\/div><\/figure>\n\t\t<\/div>\n\n<h3><a href=\"https:\/\/www.hotelarizona.com\/fr\/\" target=\"_blank\" rel=\"noopener\">D\u00e9couvrez l&rsquo;h\u00f4tel<\/a><\/h3>\n","protected":false},"excerpt":{"rendered":"<p>La plage est juste devant vous et attend vos moments de d\u00e9tente L&rsquo;Arizona est le Bike H\u00f4tel de Riccione \u00e0 la pointe sur la mer. Voici come avoir passion pour le v\u00e9lo et de se d\u00e9tendre sur le sable. Que ce soit pour une promenade le matin quand la brise est une agr\u00e9able haleine fra\u00eeche, que ce soit pour une partie de beach volley ou pour un plongeon dans les &#8230;<\/p>\n","protected":false},"author":1,"featured_media":0,"parent":0,"menu_order":0,"comment_status":"closed","ping_status":"closed","template":"","meta":{"_acf_changed":false},"class_list":["post-1239","page","type-page","status-publish","hentry"],"acf":[],"_links":{"self":[{"href":"https:\/\/www.arizonabikehotel.com\/fr\/wp-json\/wp\/v2\/pages\/1239","targetHints":{"allow":["GET"]}}],"collection":[{"href":"https:\/\/www.arizonabikehotel.com\/fr\/wp-json\/wp\/v2\/pages"}],"about":[{"href":"https:\/\/www.arizonabikehotel.com\/fr\/wp-json\/wp\/v2\/types\/page"}],"author":[{"embeddable":true,"href":"https:\/\/www.arizonabikehotel.com\/fr\/wp-json\/wp\/v2\/users\/1"}],"replies":[{"embeddable":true,"href":"https:\/\/www.arizonabikehotel.com\/fr\/wp-json\/wp\/v2\/comments?post=1239"}],"version-history":[{"count":0,"href":"https:\/\/www.arizonabikehotel.com\/fr\/wp-json\/wp\/v2\/pages\/1239\/revisions"}],"wp:attachment":[{"href":"https:\/\/www.arizonabikehotel.com\/fr\/wp-json\/wp\/v2\/media?parent=1239"}],"curies":[{"name":"wp","href":"https:\/\/api.w.org\/{rel}","templated":true}]}}