{"id":1241,"date":"2018-07-04T10:11:02","date_gmt":"2018-07-04T08:11:02","guid":{"rendered":"https:\/\/www.arizonabikehotel.com\/bike-hotel-a-riccione\/"},"modified":"2018-09-24T15:03:03","modified_gmt":"2018-09-24T13:03:03","slug":"bike-hotel","status":"publish","type":"page","link":"https:\/\/www.arizonabikehotel.com\/fr\/bike-hotel\/","title":{"rendered":"Non seulement v\u00e9lo, mais aussi piscine et shopping \u00e0 Riccione"},"content":{"rendered":"<h2>Vos vacances Bike H\u00f4tel avec piscine \u00e0 Riccione<\/h2>\n<p>L\u2019Arizona Bike H\u00f4tel avec piscine \u00e0 Riccione sait comment vous offrir une <strong>exp\u00e9rience relaxante et amusante dans la ville la plus anim\u00e9e de la Riviera<\/strong>. Quand vous revenez de votre itin\u00e9raire en v\u00e9lo, il n&rsquo;y a rien de plus agr\u00e9able qu&rsquo;une baignade dans l&rsquo;eau bleue de la <strong>piscine<\/strong>. D\u00e9tendez vos muscles et votre corps et abandonnez-vous compl\u00e8tement dans le <strong>jacuzzi chauff\u00e9<\/strong> pour vous <strong>donner une pause bien-\u00eatre merveilleuse apr\u00e8s le sport.<\/strong><\/p>\n<p>Voulez-vous vous d\u00e9tendre un peu et avoir un <strong>bon ap\u00e9ritif<\/strong>? Quittez l&rsquo;H\u00f4tel et dans 10 minutes \u00e0 pied vous \u00eates dans<strong> Viale Ceccarini<\/strong>. Pour vous les meilleures<strong> boutiques o\u00f9 faire de shopping<\/strong> et la choix entre restaurants et locaux glam pour happy hour. Du <strong>Chiringuito sur la plage<\/strong> au sushi, de la piadina au spritz sur la mer.<\/p>\n<h3>A l&rsquo;Arizona Bike H\u00f4tel vous \u00eates au c\u0153ur de Riccione et vos vacances deviennent encore plus sp\u00e9ciales.<\/h3>\n<div id='gallery-1' class='gallery galleryid-1241 gallery-columns-3 gallery-size-gallery-pagina-thumb'><figure class='gallery-item'>\n\t\t\t<div class='gallery-icon landscape'>\n\t\t\t\t<a href='https:\/\/www.arizonabikehotel.com\/wp-content\/uploads\/2018\/07\/Gallery-Hotel-Arizona-Bike-Hotel-03-.jpg' data-size=\"900x645\"><img loading=\"lazy\" decoding=\"async\" width=\"720\" height=\"480\" src=\"https:\/\/www.arizonabikehotel.com\/wp-content\/uploads\/2018\/07\/Gallery-Hotel-Arizona-Bike-Hotel-03--720x480.jpg\" class=\"attachment-gallery-pagina-thumb size-gallery-pagina-thumb\" alt=\"\" \/><\/a>\n\t\t\t<\/div><\/figure><figure class='gallery-item'>\n\t\t\t<div class='gallery-icon landscape'>\n\t\t\t\t<a href='https:\/\/www.arizonabikehotel.com\/wp-content\/uploads\/2018\/07\/Gallery-Hotel-Arizona-Bike-Non-solo-Bike-03-.jpg' data-size=\"900x645\"><img loading=\"lazy\" decoding=\"async\" width=\"720\" height=\"480\" src=\"https:\/\/www.arizonabikehotel.com\/wp-content\/uploads\/2018\/07\/Gallery-Hotel-Arizona-Bike-Non-solo-Bike-03--720x480.jpg\" class=\"attachment-gallery-pagina-thumb size-gallery-pagina-thumb\" alt=\"\" \/><\/a>\n\t\t\t<\/div><\/figure><figure class='gallery-item'>\n\t\t\t<div class='gallery-icon landscape'>\n\t\t\t\t<a href='https:\/\/www.arizonabikehotel.com\/wp-content\/uploads\/2018\/07\/Gallery-Hotel-Arizona-Bike-Non-solo-Bike-02-.jpg' data-size=\"900x645\"><img loading=\"lazy\" decoding=\"async\" width=\"720\" height=\"480\" src=\"https:\/\/www.arizonabikehotel.com\/wp-content\/uploads\/2018\/07\/Gallery-Hotel-Arizona-Bike-Non-solo-Bike-02--720x480.jpg\" class=\"attachment-gallery-pagina-thumb size-gallery-pagina-thumb\" alt=\"\" \/><\/a>\n\t\t\t<\/div><\/figure><figure class='gallery-item'>\n\t\t\t<div class='gallery-icon landscape'>\n\t\t\t\t<a href='https:\/\/www.arizonabikehotel.com\/wp-content\/uploads\/2018\/07\/Gallery-Hotel-Arizona-Bike-Non-solo-Bike-01-.jpg' data-size=\"900x645\"><img loading=\"lazy\" decoding=\"async\" width=\"720\" height=\"480\" src=\"https:\/\/www.arizonabikehotel.com\/wp-content\/uploads\/2018\/07\/Gallery-Hotel-Arizona-Bike-Non-solo-Bike-01--720x480.jpg\" class=\"attachment-gallery-pagina-thumb size-gallery-pagina-thumb\" alt=\"\" \/><\/a>\n\t\t\t<\/div><\/figure>\n\t\t<\/div>\n\n","protected":false},"excerpt":{"rendered":"<p>Vos vacances Bike H\u00f4tel avec piscine \u00e0 Riccione L\u2019Arizona Bike H\u00f4tel avec piscine \u00e0 Riccione sait comment vous offrir une exp\u00e9rience relaxante et amusante dans la ville la plus anim\u00e9e de la Riviera. Quand vous revenez de votre itin\u00e9raire en v\u00e9lo, il n&rsquo;y a rien de plus agr\u00e9able qu&rsquo;une baignade dans l&rsquo;eau bleue de la piscine. D\u00e9tendez vos muscles et votre corps et abandonnez-vous compl\u00e8tement dans le jacuzzi chauff\u00e9 pour &#8230;<\/p>\n","protected":false},"author":1,"featured_media":0,"parent":0,"menu_order":0,"comment_status":"closed","ping_status":"closed","template":"","meta":{"_acf_changed":false},"class_list":["post-1241","page","type-page","status-publish","hentry"],"acf":[],"_links":{"self":[{"href":"https:\/\/www.arizonabikehotel.com\/fr\/wp-json\/wp\/v2\/pages\/1241","targetHints":{"allow":["GET"]}}],"collection":[{"href":"https:\/\/www.arizonabikehotel.com\/fr\/wp-json\/wp\/v2\/pages"}],"about":[{"href":"https:\/\/www.arizonabikehotel.com\/fr\/wp-json\/wp\/v2\/types\/page"}],"author":[{"embeddable":true,"href":"https:\/\/www.arizonabikehotel.com\/fr\/wp-json\/wp\/v2\/users\/1"}],"replies":[{"embeddable":true,"href":"https:\/\/www.arizonabikehotel.com\/fr\/wp-json\/wp\/v2\/comments?post=1241"}],"version-history":[{"count":0,"href":"https:\/\/www.arizonabikehotel.com\/fr\/wp-json\/wp\/v2\/pages\/1241\/revisions"}],"wp:attachment":[{"href":"https:\/\/www.arizonabikehotel.com\/fr\/wp-json\/wp\/v2\/media?parent=1241"}],"curies":[{"name":"wp","href":"https:\/\/api.w.org\/{rel}","templated":true}]}}